{"id":93,"date":"2019-12-23T18:49:11","date_gmt":"2019-12-23T17:49:11","guid":{"rendered":"http:\/\/www.siegfried-lory.de\/IFAK\/?page_id=93"},"modified":"2025-06-10T20:30:58","modified_gmt":"2025-06-10T18:30:58","slug":"ifak-vorstandschaft","status":"publish","type":"page","link":"https:\/\/www.siegfried-lory.de\/?page_id=93","title":{"rendered":"IFAK Vorstandschaft"},"content":{"rendered":"\t\t<div data-elementor-type=\"wp-page\" data-elementor-id=\"93\" class=\"elementor elementor-93\">\n\t\t\t\t\t\t<section class=\"elementor-section elementor-top-section elementor-element elementor-element-d8f4c90 elementor-section-boxed elementor-section-height-default elementor-section-height-default\" data-id=\"d8f4c90\" data-element_type=\"section\" data-e-type=\"section\">\n\t\t\t\t\t\t<div class=\"elementor-container elementor-column-gap-default\">\n\t\t\t\t\t<div class=\"elementor-column elementor-col-100 elementor-top-column elementor-element elementor-element-9185c32\" data-id=\"9185c32\" data-element_type=\"column\" data-e-type=\"column\">\n\t\t\t<div class=\"elementor-widget-wrap elementor-element-populated\">\n\t\t\t\t\t\t<div class=\"elementor-element elementor-element-08d7345 elementor-widget elementor-widget-text-editor\" data-id=\"08d7345\" data-element_type=\"widget\" data-e-type=\"widget\" data-widget_type=\"text-editor.default\">\n\t\t\t\t<div class=\"elementor-widget-container\">\n\t\t\t\t\t\t\t\t\t<p style=\"text-align: left;\"><strong><span style=\"color: #d7d7d7;\">Die IFAK Vorstandschaft (Stand 01.01.2025)<\/span><\/strong><\/p>\t\t\t\t\t\t\t\t<\/div>\n\t\t\t\t<\/div>\n\t\t\t\t\t<\/div>\n\t\t<\/div>\n\t\t\t\t\t<\/div>\n\t\t<\/section>\n\t\t\t\t<section class=\"elementor-section elementor-top-section elementor-element elementor-element-24ca04a elementor-section-boxed elementor-section-height-default elementor-section-height-default\" data-id=\"24ca04a\" data-element_type=\"section\" data-e-type=\"section\">\n\t\t\t\t\t\t<div class=\"elementor-container elementor-column-gap-default\">\n\t\t\t\t\t<div class=\"elementor-column elementor-col-100 elementor-top-column elementor-element elementor-element-d2f9700\" data-id=\"d2f9700\" data-element_type=\"column\" data-e-type=\"column\">\n\t\t\t<div class=\"elementor-widget-wrap elementor-element-populated\">\n\t\t\t\t\t\t<section class=\"elementor-section elementor-inner-section elementor-element elementor-element-de3e83f elementor-section-boxed elementor-section-height-default elementor-section-height-default\" data-id=\"de3e83f\" data-element_type=\"section\" data-e-type=\"section\">\n\t\t\t\t\t\t<div class=\"elementor-container elementor-column-gap-default\">\n\t\t\t\t\t<div class=\"elementor-column elementor-col-33 elementor-inner-column elementor-element elementor-element-d8dbd69\" data-id=\"d8dbd69\" data-element_type=\"column\" data-e-type=\"column\">\n\t\t\t<div class=\"elementor-widget-wrap\">\n\t\t\t\t\t\t\t<\/div>\n\t\t<\/div>\n\t\t\t\t<div class=\"elementor-column elementor-col-33 elementor-inner-column elementor-element elementor-element-718c9ae\" data-id=\"718c9ae\" data-element_type=\"column\" data-e-type=\"column\">\n\t\t\t<div class=\"elementor-widget-wrap elementor-element-populated\">\n\t\t\t\t\t\t<div class=\"elementor-element elementor-element-f4b70cb elementor-widget elementor-widget-image\" data-id=\"f4b70cb\" data-element_type=\"widget\" data-e-type=\"widget\" data-widget_type=\"image.default\">\n\t\t\t\t<div class=\"elementor-widget-container\">\n\t\t\t\t\t\t\t\t\t\t\t\t\t\t\t<img decoding=\"async\" src=\"https:\/\/www.siegfried-lory.de\/wp-content\/uploads\/elementor\/thumbs\/VS2018-Sigi212-300-r7453sppyg3zrmhm7sjq6t1lk24t4zhjwyflcofj1a.jpg\" title=\"Pr\u00e4sident Soke Siegfried Lory\" alt=\"Pr\u00e4sident Soke Siegfried Lory\" loading=\"lazy\" \/>\t\t\t\t\t\t\t\t\t\t\t\t\t\t\t<\/div>\n\t\t\t\t<\/div>\n\t\t\t\t<div class=\"elementor-element elementor-element-840cf6d elementor-widget elementor-widget-text-editor\" data-id=\"840cf6d\" data-element_type=\"widget\" data-e-type=\"widget\" data-widget_type=\"text-editor.default\">\n\t\t\t\t<div class=\"elementor-widget-container\">\n\t\t\t\t\t\t\t\t\t<p style=\"text-align: center;\"><strong><span style=\"color: #d7d7d7;\">Pr\u00e4sident<\/span><\/strong><br \/><span style=\"color: #d7d7d7;\">Siegfried Lory<\/span><\/p>\t\t\t\t\t\t\t\t<\/div>\n\t\t\t\t<\/div>\n\t\t\t\t\t<\/div>\n\t\t<\/div>\n\t\t\t\t<div class=\"elementor-column elementor-col-33 elementor-inner-column elementor-element elementor-element-d63f90a\" data-id=\"d63f90a\" data-element_type=\"column\" data-e-type=\"column\">\n\t\t\t<div class=\"elementor-widget-wrap\">\n\t\t\t\t\t\t\t<\/div>\n\t\t<\/div>\n\t\t\t\t\t<\/div>\n\t\t<\/section>\n\t\t\t\t<section class=\"elementor-section elementor-inner-section elementor-element elementor-element-65a39d8 elementor-section-boxed elementor-section-height-default elementor-section-height-default\" data-id=\"65a39d8\" data-element_type=\"section\" data-e-type=\"section\">\n\t\t\t\t\t\t<div class=\"elementor-container elementor-column-gap-default\">\n\t\t\t\t\t<div class=\"elementor-column elementor-col-33 elementor-inner-column elementor-element elementor-element-7ea7379\" data-id=\"7ea7379\" data-element_type=\"column\" data-e-type=\"column\">\n\t\t\t<div class=\"elementor-widget-wrap\">\n\t\t\t\t\t\t\t<\/div>\n\t\t<\/div>\n\t\t\t\t<div class=\"elementor-column elementor-col-33 elementor-inner-column elementor-element elementor-element-6c38a6e\" data-id=\"6c38a6e\" data-element_type=\"column\" data-e-type=\"column\">\n\t\t\t<div class=\"elementor-widget-wrap elementor-element-populated\">\n\t\t\t\t\t\t<div class=\"elementor-element elementor-element-6ac032f elementor-widget elementor-widget-image\" data-id=\"6ac032f\" data-element_type=\"widget\" data-e-type=\"widget\" data-widget_type=\"image.default\">\n\t\t\t\t<div class=\"elementor-widget-container\">\n\t\t\t\t\t\t\t\t\t\t\t\t\t\t\t<img decoding=\"async\" src=\"https:\/\/www.siegfried-lory.de\/wp-content\/uploads\/elementor\/thumbs\/VS2018-Gregor-212-300-r745365lef940zedvisoiyqjat8008zzturxu1cz9e.jpg\" title=\"Vize-Pr\u00e4sident Hanshi Gregor Vogler\" alt=\"Vize-Pr\u00e4sident Hanshi Gregor Vogler\" loading=\"lazy\" \/>\t\t\t\t\t\t\t\t\t\t\t\t\t\t\t<\/div>\n\t\t\t\t<\/div>\n\t\t\t\t<div class=\"elementor-element elementor-element-43846b5 elementor-widget elementor-widget-text-editor\" data-id=\"43846b5\" data-element_type=\"widget\" data-e-type=\"widget\" data-widget_type=\"text-editor.default\">\n\t\t\t\t<div class=\"elementor-widget-container\">\n\t\t\t\t\t\t\t\t\t<p style=\"text-align: center;\"><strong><span style=\"color: #d7d7d7;\">Vizepr\u00e4sident<\/span><\/strong><br \/><span style=\"color: #d7d7d7;\">Gregor Vogler<\/span><\/p>\t\t\t\t\t\t\t\t<\/div>\n\t\t\t\t<\/div>\n\t\t\t\t\t<\/div>\n\t\t<\/div>\n\t\t\t\t<div class=\"elementor-column elementor-col-33 elementor-inner-column elementor-element elementor-element-4874a49\" data-id=\"4874a49\" data-element_type=\"column\" data-e-type=\"column\">\n\t\t\t<div class=\"elementor-widget-wrap\">\n\t\t\t\t\t\t\t<\/div>\n\t\t<\/div>\n\t\t\t\t\t<\/div>\n\t\t<\/section>\n\t\t\t\t<section class=\"elementor-section elementor-inner-section elementor-element elementor-element-834b6fa elementor-section-boxed elementor-section-height-default elementor-section-height-default\" data-id=\"834b6fa\" data-element_type=\"section\" data-e-type=\"section\">\n\t\t\t\t\t\t<div class=\"elementor-container elementor-column-gap-default\">\n\t\t\t\t\t<div class=\"elementor-column elementor-col-20 elementor-inner-column elementor-element elementor-element-c67cf79\" data-id=\"c67cf79\" data-element_type=\"column\" data-e-type=\"column\">\n\t\t\t<div class=\"elementor-widget-wrap elementor-element-populated\">\n\t\t\t\t\t\t<div class=\"elementor-element elementor-element-a2adda9 elementor-widget elementor-widget-image\" data-id=\"a2adda9\" data-element_type=\"widget\" data-e-type=\"widget\" data-widget_type=\"image.default\">\n\t\t\t\t<div class=\"elementor-widget-container\">\n\t\t\t\t\t\t\t\t\t\t\t\t\t\t\t<img decoding=\"async\" src=\"https:\/\/www.siegfried-lory.de\/wp-content\/uploads\/elementor\/thumbs\/V-Matthias-230300-r744v2rmjs681v5n50uc209n5d47q2v7dsjf29d0r8.jpg\" title=\"1. Vorstand Hanshi Matthias Weiss\" alt=\"1. Vorstand Hanshi Matthias Weiss\" loading=\"lazy\" \/>\t\t\t\t\t\t\t\t\t\t\t\t\t\t\t<\/div>\n\t\t\t\t<\/div>\n\t\t\t\t<div class=\"elementor-element elementor-element-95eb8b1 elementor-widget elementor-widget-text-editor\" data-id=\"95eb8b1\" data-element_type=\"widget\" data-e-type=\"widget\" data-widget_type=\"text-editor.default\">\n\t\t\t\t<div class=\"elementor-widget-container\">\n\t\t\t\t\t\t\t\t\t<p style=\"text-align: center;\"><strong><span style=\"color: #d7d7d7;\">1. Vorstand<br \/><\/span><\/strong><span style=\"color: #d7d7d7;\">Matthias Weiss<\/span><\/p>\t\t\t\t\t\t\t\t<\/div>\n\t\t\t\t<\/div>\n\t\t\t\t\t<\/div>\n\t\t<\/div>\n\t\t\t\t<div class=\"elementor-column elementor-col-20 elementor-inner-column elementor-element elementor-element-614504b\" data-id=\"614504b\" data-element_type=\"column\" data-e-type=\"column\">\n\t\t\t<div class=\"elementor-widget-wrap elementor-element-populated\">\n\t\t\t\t\t\t<div class=\"elementor-element elementor-element-2e41f76 elementor-widget elementor-widget-image\" data-id=\"2e41f76\" data-element_type=\"widget\" data-e-type=\"widget\" data-widget_type=\"image.default\">\n\t\t\t\t<div class=\"elementor-widget-container\">\n\t\t\t\t\t\t\t\t\t\t\t\t\t\t\t<img decoding=\"async\" src=\"https:\/\/www.siegfried-lory.de\/wp-content\/uploads\/elementor\/thumbs\/VS2018-Hans2-oiusdnsdy5ghri0zz4pvidpldamj2d2kl7cky00e3w.jpg\" title=\"2. Vorstand Hanshi Hans D\u00f6ring\" alt=\"2. Vorstand Hanshi Hans D\u00f6ring\" loading=\"lazy\" \/>\t\t\t\t\t\t\t\t\t\t\t\t\t\t\t<\/div>\n\t\t\t\t<\/div>\n\t\t\t\t<div class=\"elementor-element elementor-element-150fab3 elementor-widget elementor-widget-text-editor\" data-id=\"150fab3\" data-element_type=\"widget\" data-e-type=\"widget\" data-widget_type=\"text-editor.default\">\n\t\t\t\t<div class=\"elementor-widget-container\">\n\t\t\t\t\t\t\t\t\t<p style=\"text-align: center;\"><strong><span style=\"color: #d7d7d7;\">2. Vorstand<br \/><\/span><\/strong><span style=\"color: #d7d7d7;\">Hans D\u00f6ring<\/span><\/p>\t\t\t\t\t\t\t\t<\/div>\n\t\t\t\t<\/div>\n\t\t\t\t\t<\/div>\n\t\t<\/div>\n\t\t\t\t<div class=\"elementor-column elementor-col-20 elementor-inner-column elementor-element elementor-element-87f0af9\" data-id=\"87f0af9\" data-element_type=\"column\" data-e-type=\"column\">\n\t\t\t<div class=\"elementor-widget-wrap elementor-element-populated\">\n\t\t\t\t\t\t<div class=\"elementor-element elementor-element-6cd23d8 elementor-widget elementor-widget-image\" data-id=\"6cd23d8\" data-element_type=\"widget\" data-e-type=\"widget\" data-widget_type=\"image.default\">\n\t\t\t\t<div class=\"elementor-widget-container\">\n\t\t\t\t\t\t\t\t\t\t\t\t\t\t\t<img decoding=\"async\" src=\"https:\/\/www.siegfried-lory.de\/wp-content\/uploads\/elementor\/thumbs\/VS2018-Alex2-oiushlq0qiqdkrdrymaets714trp38uhsjrmtmk65k.jpg\" title=\"Generalsekret\u00e4r Hanshi Alexander Schwarz\" alt=\"Generalsekret\u00e4r Hanshi Alexander Schwarz\" loading=\"lazy\" \/>\t\t\t\t\t\t\t\t\t\t\t\t\t\t\t<\/div>\n\t\t\t\t<\/div>\n\t\t\t\t<div class=\"elementor-element elementor-element-b09ddef elementor-widget elementor-widget-text-editor\" data-id=\"b09ddef\" data-element_type=\"widget\" data-e-type=\"widget\" data-widget_type=\"text-editor.default\">\n\t\t\t\t<div class=\"elementor-widget-container\">\n\t\t\t\t\t\t\t\t\t<p style=\"text-align: center;\"><strong><span style=\"color: #d7d7d7;\">Generalsekret\u00e4r<br \/><\/span><\/strong><span style=\"color: #d7d7d7;\">Alexander Schwarz<\/span><\/p>\t\t\t\t\t\t\t\t<\/div>\n\t\t\t\t<\/div>\n\t\t\t\t\t<\/div>\n\t\t<\/div>\n\t\t\t\t<div class=\"elementor-column elementor-col-20 elementor-inner-column elementor-element elementor-element-f5a6ce3\" data-id=\"f5a6ce3\" data-element_type=\"column\" data-e-type=\"column\">\n\t\t\t<div class=\"elementor-widget-wrap elementor-element-populated\">\n\t\t\t\t\t\t<div class=\"elementor-element elementor-element-f9bc217 elementor-widget elementor-widget-image\" data-id=\"f9bc217\" data-element_type=\"widget\" data-e-type=\"widget\" data-widget_type=\"image.default\">\n\t\t\t\t<div class=\"elementor-widget-container\">\n\t\t\t\t\t\t\t\t\t\t\t\t\t\t\t<img decoding=\"async\" src=\"https:\/\/www.siegfried-lory.de\/wp-content\/uploads\/elementor\/thumbs\/V-Cedric-2024-230307-rotated-e1736088240169-qzkbyjrgyhjigtf0up8sp7qzh2pf99v9luukz9mkho.jpg\" title=\"Pressewart Renshi Cedric Weiss\" alt=\"Pressewart Renshi Cedric Weiss\" loading=\"lazy\" \/>\t\t\t\t\t\t\t\t\t\t\t\t\t\t\t<\/div>\n\t\t\t\t<\/div>\n\t\t\t\t<div class=\"elementor-element elementor-element-be20224 elementor-widget elementor-widget-text-editor\" data-id=\"be20224\" data-element_type=\"widget\" data-e-type=\"widget\" data-widget_type=\"text-editor.default\">\n\t\t\t\t<div class=\"elementor-widget-container\">\n\t\t\t\t\t\t\t\t\t<p style=\"text-align: center;\"><strong><span style=\"color: #d7d7d7;\">Pressewart<br \/><\/span><\/strong><span style=\"color: #d7d7d7;\">Cedric Weiss<\/span><\/p>\t\t\t\t\t\t\t\t<\/div>\n\t\t\t\t<\/div>\n\t\t\t\t\t<\/div>\n\t\t<\/div>\n\t\t\t\t<div class=\"elementor-column elementor-col-20 elementor-inner-column elementor-element elementor-element-77677ad\" data-id=\"77677ad\" data-element_type=\"column\" data-e-type=\"column\">\n\t\t\t<div class=\"elementor-widget-wrap elementor-element-populated\">\n\t\t\t\t\t\t<div class=\"elementor-element elementor-element-948b001 elementor-widget elementor-widget-image\" data-id=\"948b001\" data-element_type=\"widget\" data-e-type=\"widget\" data-widget_type=\"image.default\">\n\t\t\t\t<div class=\"elementor-widget-container\">\n\t\t\t\t\t\t\t\t\t\t\t\t\t\t\t<img decoding=\"async\" src=\"https:\/\/www.siegfried-lory.de\/wp-content\/uploads\/elementor\/thumbs\/VS2018-Christian-oiurp2cf8lnz2yu3ls76mhg7uofie2jvjapxa6vh3a.jpg\" title=\"Rechtsberater Shihan Christian Straub\" alt=\"Rechtsberater Shihan Christian Straub\" loading=\"lazy\" \/>\t\t\t\t\t\t\t\t\t\t\t\t\t\t\t<\/div>\n\t\t\t\t<\/div>\n\t\t\t\t<div class=\"elementor-element elementor-element-0366c5c elementor-widget elementor-widget-text-editor\" data-id=\"0366c5c\" data-element_type=\"widget\" data-e-type=\"widget\" data-widget_type=\"text-editor.default\">\n\t\t\t\t<div class=\"elementor-widget-container\">\n\t\t\t\t\t\t\t\t\t<p style=\"text-align: center;\"><span style=\"color: #d7d7d7;\"><b>Rechtsberater<br \/><\/b>RA Christian Straub<\/span><\/p>\t\t\t\t\t\t\t\t<\/div>\n\t\t\t\t<\/div>\n\t\t\t\t\t<\/div>\n\t\t<\/div>\n\t\t\t\t\t<\/div>\n\t\t<\/section>\n\t\t\t\t<section class=\"elementor-section elementor-inner-section elementor-element elementor-element-0fd5c3f elementor-section-boxed elementor-section-height-default elementor-section-height-default\" data-id=\"0fd5c3f\" data-element_type=\"section\" data-e-type=\"section\">\n\t\t\t\t\t\t<div class=\"elementor-container elementor-column-gap-default\">\n\t\t\t\t\t<div class=\"elementor-column elementor-col-25 elementor-inner-column elementor-element elementor-element-b048bde\" data-id=\"b048bde\" data-element_type=\"column\" data-e-type=\"column\">\n\t\t\t<div class=\"elementor-widget-wrap\">\n\t\t\t\t\t\t\t<\/div>\n\t\t<\/div>\n\t\t\t\t<div class=\"elementor-column elementor-col-25 elementor-inner-column elementor-element elementor-element-b2042a1\" data-id=\"b2042a1\" data-element_type=\"column\" data-e-type=\"column\">\n\t\t\t<div class=\"elementor-widget-wrap elementor-element-populated\">\n\t\t\t\t\t\t<div class=\"elementor-element elementor-element-9eec102 elementor-widget elementor-widget-image\" data-id=\"9eec102\" data-element_type=\"widget\" data-e-type=\"widget\" data-widget_type=\"image.default\">\n\t\t\t\t<div class=\"elementor-widget-container\">\n\t\t\t\t\t\t\t\t\t\t\t\t\t\t\t<img decoding=\"async\" src=\"https:\/\/www.siegfried-lory.de\/wp-content\/uploads\/elementor\/thumbs\/VS2018-Birgit-oiurp1el1rmorcvgr9sk1zor9ak56dg5762fswwv66.jpg\" title=\"Sektret\u00e4rin Birgit Lory\" alt=\"Sektret\u00e4rin Birgit Lory\" loading=\"lazy\" \/>\t\t\t\t\t\t\t\t\t\t\t\t\t\t\t<\/div>\n\t\t\t\t<\/div>\n\t\t\t\t<div class=\"elementor-element elementor-element-c4ec8c0 elementor-widget elementor-widget-text-editor\" data-id=\"c4ec8c0\" data-element_type=\"widget\" data-e-type=\"widget\" data-widget_type=\"text-editor.default\">\n\t\t\t\t<div class=\"elementor-widget-container\">\n\t\t\t\t\t\t\t\t\t<p style=\"text-align: center;\"><span style=\"color: #d7d7d7;\"><b>Sekret\u00e4rin<br \/><\/b>Birgit Lory<\/span><\/p>\t\t\t\t\t\t\t\t<\/div>\n\t\t\t\t<\/div>\n\t\t\t\t\t<\/div>\n\t\t<\/div>\n\t\t\t\t<div class=\"elementor-column elementor-col-25 elementor-inner-column elementor-element elementor-element-c8e2116\" data-id=\"c8e2116\" data-element_type=\"column\" data-e-type=\"column\">\n\t\t\t<div class=\"elementor-widget-wrap elementor-element-populated\">\n\t\t\t\t\t\t<div class=\"elementor-element elementor-element-5e153e1 elementor-widget elementor-widget-image\" data-id=\"5e153e1\" data-element_type=\"widget\" data-e-type=\"widget\" data-widget_type=\"image.default\">\n\t\t\t\t<div class=\"elementor-widget-container\">\n\t\t\t\t\t\t\t\t\t\t\t\t\t\t\t<img decoding=\"async\" src=\"https:\/\/www.siegfried-lory.de\/wp-content\/uploads\/elementor\/thumbs\/VS2018-Ilona-oiurp483m9qjq6rdat0frgz51g68tgrc7k0w8qsop6.jpg\" title=\"Frauenbeauftragte Shihan Ilona Graf\" alt=\"Frauenbeauftragte Shihan Ilona Graf\" loading=\"lazy\" \/>\t\t\t\t\t\t\t\t\t\t\t\t\t\t\t<\/div>\n\t\t\t\t<\/div>\n\t\t\t\t<div class=\"elementor-element elementor-element-fa3cd70 elementor-widget elementor-widget-text-editor\" data-id=\"fa3cd70\" data-element_type=\"widget\" data-e-type=\"widget\" data-widget_type=\"text-editor.default\">\n\t\t\t\t<div class=\"elementor-widget-container\">\n\t\t\t\t\t\t\t\t\t<p style=\"text-align: center;\"><span style=\"color: #d7d7d7;\"><b>Frauenbeauftagte<br \/><\/b>Ilona Graf<\/span><\/p>\t\t\t\t\t\t\t\t<\/div>\n\t\t\t\t<\/div>\n\t\t\t\t\t<\/div>\n\t\t<\/div>\n\t\t\t\t<div class=\"elementor-column elementor-col-25 elementor-inner-column elementor-element elementor-element-f544f13\" data-id=\"f544f13\" data-element_type=\"column\" data-e-type=\"column\">\n\t\t\t<div class=\"elementor-widget-wrap\">\n\t\t\t\t\t\t\t<\/div>\n\t\t<\/div>\n\t\t\t\t\t<\/div>\n\t\t<\/section>\n\t\t\t\t\t<\/div>\n\t\t<\/div>\n\t\t\t\t\t<\/div>\n\t\t<\/section>\n\t\t\t\t<section class=\"elementor-section elementor-top-section elementor-element elementor-element-c379750 elementor-section-boxed elementor-section-height-default elementor-section-height-default\" data-id=\"c379750\" data-element_type=\"section\" data-e-type=\"section\">\n\t\t\t\t\t\t<div class=\"elementor-container elementor-column-gap-default\">\n\t\t\t\t\t<div class=\"elementor-column elementor-col-100 elementor-top-column elementor-element elementor-element-6630833\" data-id=\"6630833\" data-element_type=\"column\" data-e-type=\"column\">\n\t\t\t<div class=\"elementor-widget-wrap elementor-element-populated\">\n\t\t\t\t\t\t<div class=\"elementor-element elementor-element-055176b elementor-widget elementor-widget-spacer\" data-id=\"055176b\" data-element_type=\"widget\" data-e-type=\"widget\" data-widget_type=\"spacer.default\">\n\t\t\t\t<div class=\"elementor-widget-container\">\n\t\t\t\t\t\t\t<div class=\"elementor-spacer\">\n\t\t\t<div class=\"elementor-spacer-inner\"><\/div>\n\t\t<\/div>\n\t\t\t\t\t\t<\/div>\n\t\t\t\t<\/div>\n\t\t\t\t<div class=\"elementor-element elementor-element-c581f1f elementor-widget elementor-widget-image\" data-id=\"c581f1f\" data-element_type=\"widget\" data-e-type=\"widget\" data-widget_type=\"image.default\">\n\t\t\t\t<div class=\"elementor-widget-container\">\n\t\t\t\t\t\t\t\t\t\t\t\t\t\t\t\t<a href=\"https:\/\/www.siegfried-lory.de\/wp-content\/uploads\/2024\/06\/IFAK-Vorstandschaft_2024-scaled.jpg\" data-elementor-open-lightbox=\"yes\" data-elementor-lightbox-title=\"IFAK-Vorstandschaft_2024\" data-e-action-hash=\"#elementor-action%3Aaction%3Dlightbox%26settings%3DeyJpZCI6MTcwMywidXJsIjoiaHR0cHM6XC9cL3d3dy5zaWVnZnJpZWQtbG9yeS5kZVwvd3AtY29udGVudFwvdXBsb2Fkc1wvMjAyNFwvMDZcL0lGQUstVm9yc3RhbmRzY2hhZnRfMjAyNC1zY2FsZWQuanBnIn0%3D\">\n\t\t\t\t\t\t\t<img fetchpriority=\"high\" decoding=\"async\" width=\"740\" height=\"416\" src=\"https:\/\/www.siegfried-lory.de\/wp-content\/uploads\/2024\/06\/IFAK-Vorstandschaft_2024-1024x576.jpg\" class=\"attachment-large size-large wp-image-1703\" alt=\"\" srcset=\"https:\/\/www.siegfried-lory.de\/wp-content\/uploads\/2024\/06\/IFAK-Vorstandschaft_2024-1024x576.jpg 1024w, https:\/\/www.siegfried-lory.de\/wp-content\/uploads\/2024\/06\/IFAK-Vorstandschaft_2024-300x169.jpg 300w, https:\/\/www.siegfried-lory.de\/wp-content\/uploads\/2024\/06\/IFAK-Vorstandschaft_2024-768x432.jpg 768w, https:\/\/www.siegfried-lory.de\/wp-content\/uploads\/2024\/06\/IFAK-Vorstandschaft_2024-1536x864.jpg 1536w, https:\/\/www.siegfried-lory.de\/wp-content\/uploads\/2024\/06\/IFAK-Vorstandschaft_2024-2048x1152.jpg 2048w\" sizes=\"100vw\" \/>\t\t\t\t\t\t\t\t<\/a>\n\t\t\t\t\t\t\t\t\t\t\t\t\t\t\t<\/div>\n\t\t\t\t<\/div>\n\t\t\t\t\t<\/div>\n\t\t<\/div>\n\t\t\t\t\t<\/div>\n\t\t<\/section>\n\t\t\t\t<\/div>\n\t\t","protected":false},"excerpt":{"rendered":"<p>Die IFAK Vorstandschaft (Stand 01.01.2025) Pr\u00e4sidentSiegfried Lory Vizepr\u00e4sidentGregor Vogler 1. VorstandMatthias Weiss 2. VorstandHans D\u00f6ring Generalsekret\u00e4rAlexander Schwarz PressewartCedric Weiss RechtsberaterRA Christian Straub Sekret\u00e4rinBirgit Lory FrauenbeauftagteIlona Graf<\/p>\n","protected":false},"author":1,"featured_media":0,"parent":0,"menu_order":0,"comment_status":"closed","ping_status":"closed","template":"","meta":{"footnotes":""},"class_list":["post-93","page","type-page","status-publish","hentry"],"_links":{"self":[{"href":"https:\/\/www.siegfried-lory.de\/index.php?rest_route=\/wp\/v2\/pages\/93","targetHints":{"allow":["GET"]}}],"collection":[{"href":"https:\/\/www.siegfried-lory.de\/index.php?rest_route=\/wp\/v2\/pages"}],"about":[{"href":"https:\/\/www.siegfried-lory.de\/index.php?rest_route=\/wp\/v2\/types\/page"}],"author":[{"embeddable":true,"href":"https:\/\/www.siegfried-lory.de\/index.php?rest_route=\/wp\/v2\/users\/1"}],"replies":[{"embeddable":true,"href":"https:\/\/www.siegfried-lory.de\/index.php?rest_route=%2Fwp%2Fv2%2Fcomments&post=93"}],"version-history":[{"count":27,"href":"https:\/\/www.siegfried-lory.de\/index.php?rest_route=\/wp\/v2\/pages\/93\/revisions"}],"predecessor-version":[{"id":1952,"href":"https:\/\/www.siegfried-lory.de\/index.php?rest_route=\/wp\/v2\/pages\/93\/revisions\/1952"}],"wp:attachment":[{"href":"https:\/\/www.siegfried-lory.de\/index.php?rest_route=%2Fwp%2Fv2%2Fmedia&parent=93"}],"curies":[{"name":"wp","href":"https:\/\/api.w.org\/{rel}","templated":true}]}}