{"id":863,"date":"2020-01-01T21:36:25","date_gmt":"2020-01-01T20:36:25","guid":{"rendered":"http:\/\/www.siegfried-lory.de\/IFAK\/?page_id=863"},"modified":"2020-01-12T17:17:58","modified_gmt":"2020-01-12T16:17:58","slug":"aufnahmeantraege","status":"publish","type":"page","link":"https:\/\/www.siegfried-lory.de\/?page_id=863","title":{"rendered":"Aufnahmeantr\u00e4ge"},"content":{"rendered":"\t\t<div data-elementor-type=\"wp-page\" data-elementor-id=\"863\" class=\"elementor elementor-863\">\n\t\t\t\t\t\t<section class=\"elementor-section elementor-top-section elementor-element elementor-element-489ff29 elementor-section-boxed elementor-section-height-default elementor-section-height-default\" data-id=\"489ff29\" data-element_type=\"section\" data-e-type=\"section\">\n\t\t\t\t\t\t<div class=\"elementor-container elementor-column-gap-default\">\n\t\t\t\t\t<div class=\"elementor-column elementor-col-50 elementor-top-column elementor-element elementor-element-24a70a5\" data-id=\"24a70a5\" data-element_type=\"column\" data-e-type=\"column\">\n\t\t\t<div class=\"elementor-widget-wrap elementor-element-populated\">\n\t\t\t\t\t\t<div class=\"elementor-element elementor-element-af56c91 elementor-widget elementor-widget-text-editor\" data-id=\"af56c91\" data-element_type=\"widget\" data-e-type=\"widget\" data-widget_type=\"text-editor.default\">\n\t\t\t\t<div class=\"elementor-widget-container\">\n\t\t\t\t\t\t\t\t\t<p><a href=\"https:\/\/www.siegfried-lory.de\/IFAK\/Dok\/Aufnahmeantrag Schulen, Vereine,Clubs Einzelmitgl..pdf\" target=\"_blank\" rel=\"noopener\" data-wplink-url-error=\"true\"><strong><span style=\"color: #d7d7d7;\">Aufnahmeantrag f\u00fcr Schulen, Vereine<\/span><\/strong><\/a><br \/><a href=\"https:\/\/www.siegfried-lory.de\/Dok\/Aufnahmeantrag Schulen, Vereine,Clubs Einzelmitgl..pdf\" target=\"_blank\" rel=\"noopener\" data-wplink-url-error=\"true\"><span style=\"color: #d7d7d7;\">als PDF zum <strong><span style=\"text-decoration: underline;\">Download hier<\/span><\/strong><\/span><\/a><\/p>\t\t\t\t\t\t\t\t<\/div>\n\t\t\t\t<\/div>\n\t\t\t\t<div class=\"elementor-element elementor-element-3050d81 elementor-widget elementor-widget-image\" data-id=\"3050d81\" data-element_type=\"widget\" data-e-type=\"widget\" data-widget_type=\"image.default\">\n\t\t\t\t<div class=\"elementor-widget-container\">\n\t\t\t\t\t\t\t\t\t\t\t\t\t\t\t\t<a href=\"https:\/\/www.siegfried-lory.de\/Dok\/Aufnahmeantrag%20Schulen,%20Vereine,Clubs%20Einzelmitgl..pdf\" target=\"_blank\">\n\t\t\t\t\t\t\t<img decoding=\"async\" width=\"150\" height=\"211\" src=\"https:\/\/www.siegfried-lory.de\/wp-content\/uploads\/2020\/01\/antrag.jpg\" class=\"attachment-large size-large wp-image-866\" alt=\"\" sizes=\"100vw\" \/>\t\t\t\t\t\t\t\t<\/a>\n\t\t\t\t\t\t\t\t\t\t\t\t\t\t\t<\/div>\n\t\t\t\t<\/div>\n\t\t\t\t\t<\/div>\n\t\t<\/div>\n\t\t\t\t<div class=\"elementor-column elementor-col-50 elementor-top-column elementor-element elementor-element-2767f49\" data-id=\"2767f49\" data-element_type=\"column\" data-e-type=\"column\">\n\t\t\t<div class=\"elementor-widget-wrap elementor-element-populated\">\n\t\t\t\t\t\t<div class=\"elementor-element elementor-element-23713ca elementor-widget elementor-widget-text-editor\" data-id=\"23713ca\" data-element_type=\"widget\" data-e-type=\"widget\" data-widget_type=\"text-editor.default\">\n\t\t\t\t<div class=\"elementor-widget-container\">\n\t\t\t\t\t\t\t\t\t<p><a href=\"https:\/\/www.siegfried-lory.de\/IFAK\/Dok\/Aufnahmeantrag f. Dan- Tra\u0308ger.pdf\" target=\"_blank\" rel=\"noopener\" data-wplink-url-error=\"true\"><strong><span style=\"color: #d7d7d7;\">Aufnahmeantrag f\u00fcr Dan-Tr\u00e4ger<\/span><\/strong><\/a><br \/><a href=\"https:\/\/www.siegfried-lory.de\/Dok\/Aufnahmeantrag f. Dan- Tra\u0308ger.pdf\" target=\"_blank\" rel=\"noopener\" data-wplink-url-error=\"true\"><span style=\"color: #d7d7d7;\">als PDF zum <strong><span style=\"text-decoration: underline;\">Download hier<\/span><\/strong><\/span><\/a><\/p>\t\t\t\t\t\t\t\t<\/div>\n\t\t\t\t<\/div>\n\t\t\t\t<div class=\"elementor-element elementor-element-51b461e elementor-widget elementor-widget-image\" data-id=\"51b461e\" data-element_type=\"widget\" data-e-type=\"widget\" data-widget_type=\"image.default\">\n\t\t\t\t<div class=\"elementor-widget-container\">\n\t\t\t\t\t\t\t\t\t\t\t\t\t\t\t\t<a href=\"https:\/\/www.siegfried-lory.de\/Dok\/Aufnahmeantrag%20f.%20Dan-%20Tra\u0308ger.pdf\" target=\"_blank\">\n\t\t\t\t\t\t\t<img decoding=\"async\" width=\"150\" height=\"211\" src=\"https:\/\/www.siegfried-lory.de\/wp-content\/uploads\/2020\/01\/antrag.jpg\" class=\"attachment-large size-large wp-image-866\" alt=\"\" sizes=\"100vw\" \/>\t\t\t\t\t\t\t\t<\/a>\n\t\t\t\t\t\t\t\t\t\t\t\t\t\t\t<\/div>\n\t\t\t\t<\/div>\n\t\t\t\t\t<\/div>\n\t\t<\/div>\n\t\t\t\t\t<\/div>\n\t\t<\/section>\n\t\t\t\t<section class=\"elementor-section elementor-top-section elementor-element elementor-element-cbb2f3e elementor-section-boxed elementor-section-height-default elementor-section-height-default\" data-id=\"cbb2f3e\" data-element_type=\"section\" data-e-type=\"section\">\n\t\t\t\t\t\t<div class=\"elementor-container elementor-column-gap-default\">\n\t\t\t\t\t<div class=\"elementor-column elementor-col-50 elementor-top-column elementor-element elementor-element-5fe178d\" data-id=\"5fe178d\" data-element_type=\"column\" data-e-type=\"column\">\n\t\t\t<div class=\"elementor-widget-wrap elementor-element-populated\">\n\t\t\t\t\t\t<div class=\"elementor-element elementor-element-55a5f3f elementor-widget elementor-widget-text-editor\" data-id=\"55a5f3f\" data-element_type=\"widget\" data-e-type=\"widget\" data-widget_type=\"text-editor.default\">\n\t\t\t\t<div class=\"elementor-widget-container\">\n\t\t\t\t\t\t\t\t\t<p><span style=\"color: #d7d7d7;\"><b>Antrag einzureichen bei:<br \/><\/b>Siegfried Lory<\/span><br \/><span style=\"color: #d7d7d7;\">Leopoldstr. 206\/3203<\/span><br \/><span style=\"color: #d7d7d7;\">80804 M\u00fcnchen<\/span><br \/><span style=\"color: #d7d7d7;\">Tel: 089 \/ 36 10 20 17<\/span><\/p>\t\t\t\t\t\t\t\t<\/div>\n\t\t\t\t<\/div>\n\t\t\t\t\t<\/div>\n\t\t<\/div>\n\t\t\t\t<div class=\"elementor-column elementor-col-50 elementor-top-column elementor-element elementor-element-d400308\" data-id=\"d400308\" data-element_type=\"column\" data-e-type=\"column\">\n\t\t\t<div class=\"elementor-widget-wrap\">\n\t\t\t\t\t\t\t<\/div>\n\t\t<\/div>\n\t\t\t\t\t<\/div>\n\t\t<\/section>\n\t\t\t\t<section class=\"elementor-section elementor-top-section elementor-element elementor-element-44c2221 elementor-section-boxed elementor-section-height-default elementor-section-height-default\" data-id=\"44c2221\" data-element_type=\"section\" data-e-type=\"section\">\n\t\t\t\t\t\t<div class=\"elementor-container elementor-column-gap-default\">\n\t\t\t\t\t<div class=\"elementor-column elementor-col-100 elementor-top-column elementor-element elementor-element-4472a2e\" data-id=\"4472a2e\" data-element_type=\"column\" data-e-type=\"column\">\n\t\t\t<div class=\"elementor-widget-wrap\">\n\t\t\t\t\t\t\t<\/div>\n\t\t<\/div>\n\t\t\t\t\t<\/div>\n\t\t<\/section>\n\t\t\t\t<\/div>\n\t\t","protected":false},"excerpt":{"rendered":"<p>Aufnahmeantrag f\u00fcr Schulen, Vereineals PDF zum Download hier Aufnahmeantrag f\u00fcr Dan-Tr\u00e4gerals PDF zum Download hier Antrag einzureichen bei:Siegfried LoryLeopoldstr. 206\/320380804 M\u00fcnchenTel: 089 \/ 36 10 20 17<\/p>\n","protected":false},"author":1,"featured_media":0,"parent":0,"menu_order":0,"comment_status":"closed","ping_status":"closed","template":"","meta":{"footnotes":""},"class_list":["post-863","page","type-page","status-publish","hentry"],"_links":{"self":[{"href":"https:\/\/www.siegfried-lory.de\/index.php?rest_route=\/wp\/v2\/pages\/863","targetHints":{"allow":["GET"]}}],"collection":[{"href":"https:\/\/www.siegfried-lory.de\/index.php?rest_route=\/wp\/v2\/pages"}],"about":[{"href":"https:\/\/www.siegfried-lory.de\/index.php?rest_route=\/wp\/v2\/types\/page"}],"author":[{"embeddable":true,"href":"https:\/\/www.siegfried-lory.de\/index.php?rest_route=\/wp\/v2\/users\/1"}],"replies":[{"embeddable":true,"href":"https:\/\/www.siegfried-lory.de\/index.php?rest_route=%2Fwp%2Fv2%2Fcomments&post=863"}],"version-history":[{"count":8,"href":"https:\/\/www.siegfried-lory.de\/index.php?rest_route=\/wp\/v2\/pages\/863\/revisions"}],"predecessor-version":[{"id":1033,"href":"https:\/\/www.siegfried-lory.de\/index.php?rest_route=\/wp\/v2\/pages\/863\/revisions\/1033"}],"wp:attachment":[{"href":"https:\/\/www.siegfried-lory.de\/index.php?rest_route=%2Fwp%2Fv2%2Fmedia&parent=863"}],"curies":[{"name":"wp","href":"https:\/\/api.w.org\/{rel}","templated":true}]}}