{"id":44,"date":"2019-12-08T21:11:26","date_gmt":"2019-12-08T20:11:26","guid":{"rendered":"http:\/\/www.siegfried-lory.de\/IFAK\/?page_id=44"},"modified":"2026-03-23T20:31:18","modified_gmt":"2026-03-23T19:31:18","slug":"home","status":"publish","type":"page","link":"https:\/\/www.siegfried-lory.de\/","title":{"rendered":"Aktuelles"},"content":{"rendered":"\t\t<div data-elementor-type=\"wp-page\" data-elementor-id=\"44\" class=\"elementor elementor-44\">\n\t\t\t\t\t\t<section class=\"elementor-section elementor-top-section elementor-element elementor-element-dc4320b elementor-section-boxed elementor-section-height-default elementor-section-height-default\" data-id=\"dc4320b\" data-element_type=\"section\" data-e-type=\"section\">\n\t\t\t\t\t\t<div class=\"elementor-container elementor-column-gap-default\">\n\t\t\t\t\t<div class=\"elementor-column elementor-col-66 elementor-top-column elementor-element elementor-element-7b285e7\" data-id=\"7b285e7\" data-element_type=\"column\" data-e-type=\"column\">\n\t\t\t<div class=\"elementor-widget-wrap elementor-element-populated\">\n\t\t\t\t\t\t<div class=\"elementor-element elementor-element-896bdf4 elementor-widget elementor-widget-text-editor\" data-id=\"896bdf4\" data-element_type=\"widget\" data-e-type=\"widget\" data-widget_type=\"text-editor.default\">\n\t\t\t\t<div class=\"elementor-widget-container\">\n\t\t\t\t\t\t\t\t\t<h2><strong><span style=\"color: #d7d7d7;\">Willkommen beim IFAK,<br \/>dem internationalen Fachverband f\u00fcr asiatische Kampfsportarten<\/span><\/strong><\/h2><div><strong><span style=\"color: #d7d7d7;\">\u00a0<\/span><\/strong><\/div>\t\t\t\t\t\t\t\t<\/div>\n\t\t\t\t<\/div>\n\t\t\t\t<div class=\"elementor-element elementor-element-f8936d7 elementor-widget__width-initial elementor-widget elementor-widget-text-editor\" data-id=\"f8936d7\" data-element_type=\"widget\" data-e-type=\"widget\" data-widget_type=\"text-editor.default\">\n\t\t\t\t<div class=\"elementor-widget-container\">\n\t\t\t\t\t\t\t\t\t<p><span style=\"color: #d7d7d7; font-size: 1rem;\"><span style=\"text-decoration: underline;\"><strong>Lehrgangsausschreibungen 2026:<\/strong><\/span><\/span><\/p>\n<p><span style=\"font-size: 1rem;\">\u2022 28.03.2026 <\/span><span style=\"font-size: 1rem; color: rgb(215, 215, 215);\">Selbstverteidigungs-Lehrgang mit Uwe Rehnert in Kressbronn bei Uwe Gischas<\/span><span style=\"font-size: 1rem; color: rgb(215, 215, 215);\">&nbsp;<a href=\"https:\/\/www.siegfried-lory.de\/?page_id=125\"><span style=\"color: #dedede;\"><strong>&nbsp; \u21d2&nbsp;Zur Ausschreibun<\/strong><\/span><\/a><span style=\"color: #dedede;\"><strong>g<\/strong><\/span><\/span><\/p>\n<p>\u2022 18.04.2026 <span style=\"color: #d7d7d7;\">Ju-Jitsu, Hanbo-Jitsu und Kobudo Seminar + Dan-Pr\u00fcfung <\/span>in Dagersheim&nbsp;<span style=\"color: #d7d7d7;\">mit Hanshi Matthias Weiss, Hanshi Istv\u00e1n M\u00e9z\u00e1ros und Renshi Cedric Weiss&nbsp;<a href=\"https:\/\/www.siegfried-lory.de\/?page_id=125\"><span style=\"color: #dedede;\"><strong>&nbsp; \u21d2&nbsp;Zur Ausschreibun<\/strong><\/span><\/a><span style=\"color: #dedede;\"><strong>g<\/strong><\/span><\/span><\/p>\n<p>\u2022 09.05.2026 <span style=\"color: #d7d7d7;\">Ju-Jitsu und Hanbo-Jitsu Lehrgang mit Pr\u00fcfungen im Hanbo-Jitsu mit Hanshi Matthias Weiss, Hanshi Hans D\u00f6ring, Hanshi Isv\u00e1n M\u00e9z\u00e1ros, Shihan Mojmir Marton und Renshi Cedric Weiss in Kosice\/Slowakei<\/span><span style=\"color: #d7d7d7;\">&nbsp;<a href=\"https:\/\/www.siegfried-lory.de\/?page_id=125\"><span style=\"color: #dedede;\"><strong>&nbsp; \u21d2&nbsp;Zur Ausschreibun<\/strong><\/span><\/a><span style=\"color: #dedede;\"><strong>g<\/strong><\/span><\/span><\/p>\n<p>\u2022 21.06.2026 Kampfkunst-Lehrgang Goshin Jitsu und Kung Fu mit Hanhsi Volker Hiekel in M\u00fclheim<span style=\"color: #d7d7d7;\">&nbsp;<a href=\"https:\/\/www.siegfried-lory.de\/?page_id=125\"><span style=\"color: #dedede;\"><strong>&nbsp; \u21d2&nbsp;Zur Ausschreibun<\/strong><\/span><\/a><span style=\"color: #dedede;\"><strong>g<\/strong><\/span><\/span><\/p>\n<p>\u2022 17.10.2026 Kampfsport-Lehrgang mit Hanshi Hans D\u00f6ring in Feldkirchen bei M\u00fcnchen<span style=\"color: #d7d7d7;\">&nbsp;<a href=\"https:\/\/www.siegfried-lory.de\/?page_id=125\"><span style=\"color: #dedede;\"><strong>&nbsp; \u21d2&nbsp;Zur Ausschreibun<\/strong><\/span><\/a><span style=\"color: #dedede;\"><strong>g<\/strong><\/span><\/span><\/p>\t\t\t\t\t\t\t\t<\/div>\n\t\t\t\t<\/div>\n\t\t\t\t\t<\/div>\n\t\t<\/div>\n\t\t\t\t<div class=\"elementor-column elementor-col-33 elementor-top-column elementor-element elementor-element-8cf747d\" data-id=\"8cf747d\" data-element_type=\"column\" data-e-type=\"column\">\n\t\t\t<div class=\"elementor-widget-wrap elementor-element-populated\">\n\t\t\t\t\t\t<div class=\"elementor-element elementor-element-22dfdf7 elementor-widget elementor-widget-text-editor\" data-id=\"22dfdf7\" data-element_type=\"widget\" data-e-type=\"widget\" data-widget_type=\"text-editor.default\">\n\t\t\t\t<div class=\"elementor-widget-container\">\n\t\t\t\t\t\t\t\t\t<p><a href=\"https:\/\/www.siegfried-lory.de\/Dok\/Vorwort von Soke Siegfried Lory 2024.pdf\" target=\"_blank\" rel=\"noopener\" data-wplink-url-error=\"true\"><span style=\"color: #f0f0f0;\">Vorwort zum IFAK Journal 2024 von Soke Siegfried Lory<\/span><\/a><\/p>\t\t\t\t\t\t\t\t<\/div>\n\t\t\t\t<\/div>\n\t\t\t\t<div class=\"elementor-element elementor-element-67f74dc elementor-widget elementor-widget-image\" data-id=\"67f74dc\" data-element_type=\"widget\" data-e-type=\"widget\" data-widget_type=\"image.default\">\n\t\t\t\t<div class=\"elementor-widget-container\">\n\t\t\t\t\t\t\t\t\t\t\t\t\t\t\t\t<a href=\"https:\/\/www.siegfried-lory.de\/Dok\/Vorwort%20von%20Soke%20Siegfried%20Lory%202024.pdf\" target=\"_blank\">\n\t\t\t\t\t\t\t<img fetchpriority=\"high\" decoding=\"async\" width=\"644\" height=\"911\" src=\"https:\/\/www.siegfried-lory.de\/wp-content\/uploads\/2024\/02\/Vorwort-von-Soke-Siegried-Lory-2024-724x1024.jpg\" class=\"attachment-large size-large wp-image-1612\" alt=\"\" srcset=\"https:\/\/www.siegfried-lory.de\/wp-content\/uploads\/2024\/02\/Vorwort-von-Soke-Siegried-Lory-2024-724x1024.jpg 724w, https:\/\/www.siegfried-lory.de\/wp-content\/uploads\/2024\/02\/Vorwort-von-Soke-Siegried-Lory-2024-212x300.jpg 212w, https:\/\/www.siegfried-lory.de\/wp-content\/uploads\/2024\/02\/Vorwort-von-Soke-Siegried-Lory-2024-768x1086.jpg 768w, https:\/\/www.siegfried-lory.de\/wp-content\/uploads\/2024\/02\/Vorwort-von-Soke-Siegried-Lory-2024-1087x1536.jpg 1087w, https:\/\/www.siegfried-lory.de\/wp-content\/uploads\/2024\/02\/Vorwort-von-Soke-Siegried-Lory-2024-1449x2048.jpg 1449w, https:\/\/www.siegfried-lory.de\/wp-content\/uploads\/2024\/02\/Vorwort-von-Soke-Siegried-Lory-2024.jpg 1654w\" sizes=\"100vw\" \/>\t\t\t\t\t\t\t\t<\/a>\n\t\t\t\t\t\t\t\t\t\t\t\t\t\t\t<\/div>\n\t\t\t\t<\/div>\n\t\t\t\t\t<\/div>\n\t\t<\/div>\n\t\t\t\t\t<\/div>\n\t\t<\/section>\n\t\t\t\t<section class=\"elementor-section elementor-top-section elementor-element elementor-element-69e3d9d elementor-section-boxed elementor-section-height-default elementor-section-height-default\" data-id=\"69e3d9d\" data-element_type=\"section\" data-e-type=\"section\">\n\t\t\t\t\t\t<div class=\"elementor-container elementor-column-gap-default\">\n\t\t\t\t\t<div class=\"elementor-column elementor-col-100 elementor-top-column elementor-element elementor-element-596660a\" data-id=\"596660a\" data-element_type=\"column\" data-e-type=\"column\">\n\t\t\t<div class=\"elementor-widget-wrap elementor-element-populated\">\n\t\t\t\t\t\t<div class=\"elementor-element elementor-element-0e1b91d elementor-widget-divider--view-line elementor-widget elementor-widget-divider\" data-id=\"0e1b91d\" data-element_type=\"widget\" data-e-type=\"widget\" data-widget_type=\"divider.default\">\n\t\t\t\t<div class=\"elementor-widget-container\">\n\t\t\t\t\t\t\t<div class=\"elementor-divider\">\n\t\t\t<span class=\"elementor-divider-separator\">\n\t\t\t\t\t\t<\/span>\n\t\t<\/div>\n\t\t\t\t\t\t<\/div>\n\t\t\t\t<\/div>\n\t\t\t\t<div class=\"elementor-element elementor-element-949d3f4 elementor-widget elementor-widget-text-editor\" data-id=\"949d3f4\" data-element_type=\"widget\" data-e-type=\"widget\" data-widget_type=\"text-editor.default\">\n\t\t\t\t<div class=\"elementor-widget-container\">\n\t\t\t\t\t\t\t\t\t<h3 style=\"text-align: center;\"><span style=\"color: #e8dfdf;\"><strong>!!! <span style=\"text-decoration: underline;\">Ab 2025<\/span> werden die Lehrg\u00e4nge nicht mehr unter Leitung von Soke Siegfried Lory stattfinden !!!<\/strong><\/span><\/h3><h3 style=\"text-align: center;\"><span style=\"color: #e8dfdf;\"><a href=\"https:\/\/www.siegfried-lory.de\/?page_id=125\"><span style=\"color: #e8dfdf;\">Infos zu den Referenten und Terminen 2026<\/span><\/a><\/span><\/h3>\t\t\t\t\t\t\t\t<\/div>\n\t\t\t\t<\/div>\n\t\t\t\t<div class=\"elementor-element elementor-element-dbb7b9e elementor-widget-divider--view-line elementor-widget elementor-widget-divider\" data-id=\"dbb7b9e\" data-element_type=\"widget\" data-e-type=\"widget\" data-widget_type=\"divider.default\">\n\t\t\t\t<div class=\"elementor-widget-container\">\n\t\t\t\t\t\t\t<div class=\"elementor-divider\">\n\t\t\t<span class=\"elementor-divider-separator\">\n\t\t\t\t\t\t<\/span>\n\t\t<\/div>\n\t\t\t\t\t\t<\/div>\n\t\t\t\t<\/div>\n\t\t\t\t\t<\/div>\n\t\t<\/div>\n\t\t\t\t\t<\/div>\n\t\t<\/section>\n\t\t\t\t<section class=\"elementor-section elementor-top-section elementor-element elementor-element-edd9e61 elementor-section-boxed elementor-section-height-default elementor-section-height-default\" data-id=\"edd9e61\" data-element_type=\"section\" data-e-type=\"section\">\n\t\t\t\t\t\t<div class=\"elementor-container elementor-column-gap-default\">\n\t\t\t\t\t<div class=\"elementor-column elementor-col-50 elementor-top-column elementor-element elementor-element-867b201\" data-id=\"867b201\" data-element_type=\"column\" data-e-type=\"column\">\n\t\t\t<div class=\"elementor-widget-wrap elementor-element-populated\">\n\t\t\t\t\t\t<div class=\"elementor-element elementor-element-f3234ea elementor-position-top elementor-widget elementor-widget-image-box\" data-id=\"f3234ea\" data-element_type=\"widget\" data-e-type=\"widget\" data-widget_type=\"image-box.default\">\n\t\t\t\t<div class=\"elementor-widget-container\">\n\t\t\t\t\t<div class=\"elementor-image-box-wrapper\"><figure class=\"elementor-image-box-img\"><a href=\"https:\/\/www.siegfried-lory.de\/Dok\/SV-Lehrga\u0308nge%202026-3.pdf\" target=\"_blank\" tabindex=\"-1\"><img decoding=\"async\" width=\"745\" height=\"1062\" src=\"https:\/\/www.siegfried-lory.de\/wp-content\/uploads\/2025\/12\/SV-Lehrgaenge-2026-1.jpg\" class=\"attachment-full size-full wp-image-2210\" alt=\"\" srcset=\"https:\/\/www.siegfried-lory.de\/wp-content\/uploads\/2025\/12\/SV-Lehrgaenge-2026-1.jpg 745w, https:\/\/www.siegfried-lory.de\/wp-content\/uploads\/2025\/12\/SV-Lehrgaenge-2026-1-210x300.jpg 210w, https:\/\/www.siegfried-lory.de\/wp-content\/uploads\/2025\/12\/SV-Lehrgaenge-2026-1-718x1024.jpg 718w\" sizes=\"(max-width: 706px) 89vw, (max-width: 767px) 82vw, 740px\" \/><\/a><\/figure><div class=\"elementor-image-box-content\"><h3 class=\"elementor-image-box-title\"><a href=\"https:\/\/www.siegfried-lory.de\/Dok\/SV-Lehrga\u0308nge%202026-3.pdf\" target=\"_blank\">SV-Lehrg\u00e4nge 2026<\/a><\/h3><\/div><\/div>\t\t\t\t<\/div>\n\t\t\t\t<\/div>\n\t\t\t\t\t<\/div>\n\t\t<\/div>\n\t\t\t\t<div class=\"elementor-column elementor-col-50 elementor-top-column elementor-element elementor-element-f558866\" data-id=\"f558866\" data-element_type=\"column\" data-e-type=\"column\">\n\t\t\t<div class=\"elementor-widget-wrap\">\n\t\t\t\t\t\t\t<\/div>\n\t\t<\/div>\n\t\t\t\t\t<\/div>\n\t\t<\/section>\n\t\t\t\t<\/div>\n\t\t","protected":false},"excerpt":{"rendered":"<p>Willkommen beim IFAK,dem internationalen Fachverband f\u00fcr asiatische Kampfsportarten \u00a0 Lehrgangsausschreibungen 2026: \u2022 28.03.2026 Selbstverteidigungs-Lehrgang mit Uwe Rehnert in Kressbronn bei Uwe Gischas&nbsp;&nbsp; \u21d2&nbsp;Zur Ausschreibung \u2022 18.04.2026 Ju-Jitsu, Hanbo-Jitsu und Kobudo Seminar + Dan-Pr\u00fcfung in Dagersheim&nbsp;mit Hanshi Matthias Weiss, Hanshi Istv\u00e1n M\u00e9z\u00e1ros und Renshi Cedric Weiss&nbsp;&nbsp; \u21d2&nbsp;Zur Ausschreibung \u2022 09.05.2026 Ju-Jitsu und Hanbo-Jitsu Lehrgang mit Pr\u00fcfungen &hellip; <\/p>\n<p class=\"link-more\"><a href=\"https:\/\/www.siegfried-lory.de\/\" class=\"more-link\"><span class=\"screen-reader-text\">\u201eAktuelles\u201c <\/span>weiterlesen<\/a><\/p>\n","protected":false},"author":1,"featured_media":0,"parent":0,"menu_order":0,"comment_status":"closed","ping_status":"closed","template":"","meta":{"footnotes":""},"class_list":["post-44","page","type-page","status-publish","hentry"],"_links":{"self":[{"href":"https:\/\/www.siegfried-lory.de\/index.php?rest_route=\/wp\/v2\/pages\/44","targetHints":{"allow":["GET"]}}],"collection":[{"href":"https:\/\/www.siegfried-lory.de\/index.php?rest_route=\/wp\/v2\/pages"}],"about":[{"href":"https:\/\/www.siegfried-lory.de\/index.php?rest_route=\/wp\/v2\/types\/page"}],"author":[{"embeddable":true,"href":"https:\/\/www.siegfried-lory.de\/index.php?rest_route=\/wp\/v2\/users\/1"}],"replies":[{"embeddable":true,"href":"https:\/\/www.siegfried-lory.de\/index.php?rest_route=%2Fwp%2Fv2%2Fcomments&post=44"}],"version-history":[{"count":239,"href":"https:\/\/www.siegfried-lory.de\/index.php?rest_route=\/wp\/v2\/pages\/44\/revisions"}],"predecessor-version":[{"id":2282,"href":"https:\/\/www.siegfried-lory.de\/index.php?rest_route=\/wp\/v2\/pages\/44\/revisions\/2282"}],"wp:attachment":[{"href":"https:\/\/www.siegfried-lory.de\/index.php?rest_route=%2Fwp%2Fv2%2Fmedia&parent=44"}],"curies":[{"name":"wp","href":"https:\/\/api.w.org\/{rel}","templated":true}]}}