{"id":191,"date":"2019-12-28T22:33:01","date_gmt":"2019-12-28T21:33:01","guid":{"rendered":"http:\/\/www.siegfried-lory.de\/IFAK\/?page_id=191"},"modified":"2021-01-09T19:02:06","modified_gmt":"2021-01-09T18:02:06","slug":"der-ifak-2","status":"publish","type":"page","link":"https:\/\/www.siegfried-lory.de\/?page_id=191","title":{"rendered":"Der IFAK"},"content":{"rendered":"\t\t<div data-elementor-type=\"wp-page\" data-elementor-id=\"191\" class=\"elementor elementor-191\">\n\t\t\t\t\t\t<section class=\"elementor-section elementor-top-section elementor-element elementor-element-1a3459d1 elementor-section-boxed elementor-section-height-default elementor-section-height-default\" data-id=\"1a3459d1\" data-element_type=\"section\" data-e-type=\"section\">\n\t\t\t\t\t\t<div class=\"elementor-container elementor-column-gap-default\">\n\t\t\t\t\t<div class=\"elementor-column elementor-col-100 elementor-top-column elementor-element elementor-element-3eb77b92\" data-id=\"3eb77b92\" data-element_type=\"column\" data-e-type=\"column\">\n\t\t\t<div class=\"elementor-widget-wrap elementor-element-populated\">\n\t\t\t\t\t\t<div class=\"elementor-element elementor-element-4396883c elementor-widget elementor-widget-text-editor\" data-id=\"4396883c\" data-element_type=\"widget\" data-e-type=\"widget\" data-widget_type=\"text-editor.default\">\n\t\t\t\t<div class=\"elementor-widget-container\">\n\t\t\t\t\t\t\t\t\t<p style=\"text-align: left;\"><span style=\"color: #d7d7d7;\"><strong>Internationaler Fachverband f\u00fcr asiatische Kampfsportarten IFAK<\/strong><\/span><\/p><p><span style=\"color: #d7d7d7;\">Pr\u00e4sident: Soke Siegfried Lory, 10. Dan<br \/><\/span><span style=\"color: #d7d7d7;\">Gr\u00fcndung: 01.03.1979<\/span><\/p><p><span style=\"color: #d7d7d7;\">Der IFAK (Internationaler Fachverband f\u00fcr asiatische Kampfsportarten) ist ein privater Fachsportverband, in dem nahezu alle Richtungen und Stile der asiatischen Kampfsportarten vertreten sind. Im Verband sind Privatpersonen, Vereine, Clubs und Sportschulen Mitglied.<\/span><\/p><p><span style=\"color: #d7d7d7;\"><img decoding=\"async\" class=\"wp-image-71 alignright\" src=\"https:\/\/www.siegfried-lory.de\/wp-content\/uploads\/2019\/12\/IFAK-915-clearpng-300x297.png\" alt=\"\" width=\"200\" height=\"198\" srcset=\"https:\/\/www.siegfried-lory.de\/wp-content\/uploads\/2019\/12\/IFAK-915-clearpng-300x297.png 300w, https:\/\/www.siegfried-lory.de\/wp-content\/uploads\/2019\/12\/IFAK-915-clearpng-150x150.png 150w, https:\/\/www.siegfried-lory.de\/wp-content\/uploads\/2019\/12\/IFAK-915-clearpng-768x760.png 768w, https:\/\/www.siegfried-lory.de\/wp-content\/uploads\/2019\/12\/IFAK-915-clearpng-100x100.png 100w, https:\/\/www.siegfried-lory.de\/wp-content\/uploads\/2019\/12\/IFAK-915-clearpng.png 915w\" sizes=\"(max-width: 200px) 100vw, 200px\" \/>Der IFAK verfolgt ausschlie\u00dflich den Zweck, Budo-Sportler aller Stilrichtungen zusammenzubringen, Erfahrungen auszutauschen und interessierten Sportlern die M\u00f6glichkeit zu geben, in nahezu allen Budo-Sportarten Verbandsgraduierungen zu erwerben. Alle Mitglieder, Schulen, Vereine, Clubs im IFAK zahlen eine <span style=\"text-decoration: underline;\">e<\/span><\/span><span style=\"color: #d7d7d7; font-size: 1rem;\"><span style=\"text-decoration: underline;\">inmalige<\/span> Aufnahmegeb\u00fchr (weder Jahressichtmarken noch Jahresstempel).<\/span><\/p><p><span style=\"color: #d7d7d7;\">Der IFAK f\u00fchrt im Breitensport mit seinen angeschlossenen Mitgliedern praktische Selbstverteidigungslehrg\u00e4nge f\u00fcr Personen jeden Geschlechts und jeden Alters, zu finanziell \u00e4u\u00dferst g\u00fcnstigen Unkostenbeitr\u00e4gen durch. Der IFAK ist ein Budo-Sportverband und hat <span style=\"text-decoration: underline;\">keine Einw\u00e4nde<\/span>, wenn Mitglieder auch in anderen Fachsportverb\u00e4nden organisiert und t\u00e4tig sind. Neumitglieder mit Meistergraduierungen anderer Verb\u00e4nde m\u00fcssen sich zur Anerkennung einer <span style=\"text-decoration: underline;\">\u00dcberpr\u00fcfung<\/span> stellen. Der IFAK erkennt Kyu- und Dan-Graduierungen anderer Verb\u00e4nde an, wenn sie ordnungsgem\u00e4\u00df erworben und verliehen worden sind.<\/span><\/p><p><span style=\"color: #d7d7d7;\">Bei Veranstaltungen des IFAK kann jeder Budoka den G\u00fcrtel tragen, der einer Budo-Sportart entspricht, in der der Teilnehmer den h\u00f6chsten Grad hat, wenn dise Sportart im IFAK vertreten ist. An Lehrg\u00e4ngen des IFAK k\u00f6nnen auch Budo-Sportler, die <span style=\"text-decoration: underline;\">nicht<\/span> dem IFAK angeschlossen sind, teilnehmen.\u00a0<\/span><\/p><p><span style=\"color: #d7d7d7;\">Der IFAK hat das Ziel, Sportler zusammenzubringen und sie nicht aus egoistischer Denkweise zu trennen.<\/span><\/p><p style=\"text-align: right;\"><span style=\"color: #d7d7d7;\">Stand 01.01.2021<\/span><\/p>\t\t\t\t\t\t\t\t<\/div>\n\t\t\t\t<\/div>\n\t\t\t\t\t<\/div>\n\t\t<\/div>\n\t\t\t\t\t<\/div>\n\t\t<\/section>\n\t\t\t\t<\/div>\n\t\t","protected":false},"excerpt":{"rendered":"<p>Internationaler Fachverband f\u00fcr asiatische Kampfsportarten IFAK Pr\u00e4sident: Soke Siegfried Lory, 10. DanGr\u00fcndung: 01.03.1979 Der IFAK (Internationaler Fachverband f\u00fcr asiatische Kampfsportarten) ist ein privater Fachsportverband, in dem nahezu alle Richtungen und Stile der asiatischen Kampfsportarten vertreten sind. Im Verband sind Privatpersonen, Vereine, Clubs und Sportschulen Mitglied. Der IFAK verfolgt ausschlie\u00dflich den Zweck, Budo-Sportler aller Stilrichtungen zusammenzubringen, &hellip; <\/p>\n<p class=\"link-more\"><a href=\"https:\/\/www.siegfried-lory.de\/?page_id=191\" class=\"more-link\"><span class=\"screen-reader-text\">\u201eDer IFAK\u201c <\/span>weiterlesen<\/a><\/p>\n","protected":false},"author":1,"featured_media":0,"parent":0,"menu_order":0,"comment_status":"closed","ping_status":"closed","template":"","meta":{"footnotes":""},"class_list":["post-191","page","type-page","status-publish","hentry"],"_links":{"self":[{"href":"https:\/\/www.siegfried-lory.de\/index.php?rest_route=\/wp\/v2\/pages\/191","targetHints":{"allow":["GET"]}}],"collection":[{"href":"https:\/\/www.siegfried-lory.de\/index.php?rest_route=\/wp\/v2\/pages"}],"about":[{"href":"https:\/\/www.siegfried-lory.de\/index.php?rest_route=\/wp\/v2\/types\/page"}],"author":[{"embeddable":true,"href":"https:\/\/www.siegfried-lory.de\/index.php?rest_route=\/wp\/v2\/users\/1"}],"replies":[{"embeddable":true,"href":"https:\/\/www.siegfried-lory.de\/index.php?rest_route=%2Fwp%2Fv2%2Fcomments&post=191"}],"version-history":[{"count":7,"href":"https:\/\/www.siegfried-lory.de\/index.php?rest_route=\/wp\/v2\/pages\/191\/revisions"}],"predecessor-version":[{"id":1167,"href":"https:\/\/www.siegfried-lory.de\/index.php?rest_route=\/wp\/v2\/pages\/191\/revisions\/1167"}],"wp:attachment":[{"href":"https:\/\/www.siegfried-lory.de\/index.php?rest_route=%2Fwp%2Fv2%2Fmedia&parent=191"}],"curies":[{"name":"wp","href":"https:\/\/api.w.org\/{rel}","templated":true}]}}