{"id":133,"date":"2019-12-23T19:33:50","date_gmt":"2019-12-23T18:33:50","guid":{"rendered":"http:\/\/www.siegfried-lory.de\/IFAK\/?page_id=133"},"modified":"2023-04-18T15:32:06","modified_gmt":"2023-04-18T13:32:06","slug":"lehrtafeln","status":"publish","type":"page","link":"https:\/\/www.siegfried-lory.de\/?page_id=133","title":{"rendered":"Lehrtafeln"},"content":{"rendered":"\t\t<div data-elementor-type=\"wp-page\" data-elementor-id=\"133\" class=\"elementor elementor-133\">\n\t\t\t\t\t\t<section class=\"elementor-section elementor-top-section elementor-element elementor-element-324ea7c elementor-section-boxed elementor-section-height-default elementor-section-height-default\" data-id=\"324ea7c\" data-element_type=\"section\" data-e-type=\"section\">\n\t\t\t\t\t\t<div class=\"elementor-container elementor-column-gap-default\">\n\t\t\t\t\t<div class=\"elementor-column elementor-col-100 elementor-top-column elementor-element elementor-element-7e87c5e\" data-id=\"7e87c5e\" data-element_type=\"column\" data-e-type=\"column\">\n\t\t\t<div class=\"elementor-widget-wrap elementor-element-populated\">\n\t\t\t\t\t\t<div class=\"elementor-element elementor-element-dd4cca0 elementor-position-left elementor-vertical-align-top elementor-widget elementor-widget-image-box\" data-id=\"dd4cca0\" data-element_type=\"widget\" data-e-type=\"widget\" data-widget_type=\"image-box.default\">\n\t\t\t\t<div class=\"elementor-widget-container\">\n\t\t\t\t\t<div class=\"elementor-image-box-wrapper\"><figure class=\"elementor-image-box-img\"><img fetchpriority=\"high\" decoding=\"async\" width=\"350\" height=\"230\" src=\"https:\/\/www.siegfried-lory.de\/wp-content\/uploads\/2019\/12\/LT-JuJitsu-Kubotan-350230.jpg\" class=\"attachment-full size-full wp-image-399\" alt=\"\" srcset=\"https:\/\/www.siegfried-lory.de\/wp-content\/uploads\/2019\/12\/LT-JuJitsu-Kubotan-350230.jpg 350w, https:\/\/www.siegfried-lory.de\/wp-content\/uploads\/2019\/12\/LT-JuJitsu-Kubotan-350230-300x197.jpg 300w\" sizes=\"(max-width: 350px) 100vw, 350px\" \/><\/figure><div class=\"elementor-image-box-content\"><h3 class=\"elementor-image-box-title\">Lehrtafel Ju Jitsu und Kubotan<\/h3><p class=\"elementor-image-box-description\">Lehrtafel, doppelseitig &amp; laminiert, \nGr\u00f6\u00dfe A4 3,00 Euro\n<\/p><\/div><\/div>\t\t\t\t<\/div>\n\t\t\t\t<\/div>\n\t\t\t\t<div class=\"elementor-element elementor-element-82446c9 elementor-position-left elementor-vertical-align-top elementor-widget elementor-widget-image-box\" data-id=\"82446c9\" data-element_type=\"widget\" data-e-type=\"widget\" data-widget_type=\"image-box.default\">\n\t\t\t\t<div class=\"elementor-widget-container\">\n\t\t\t\t\t<div class=\"elementor-image-box-wrapper\"><figure class=\"elementor-image-box-img\"><img decoding=\"async\" width=\"350\" height=\"230\" src=\"https:\/\/www.siegfried-lory.de\/wp-content\/uploads\/2019\/12\/LT-Hanbo-350230.jpg\" class=\"attachment-full size-full wp-image-397\" alt=\"\" srcset=\"https:\/\/www.siegfried-lory.de\/wp-content\/uploads\/2019\/12\/LT-Hanbo-350230.jpg 350w, https:\/\/www.siegfried-lory.de\/wp-content\/uploads\/2019\/12\/LT-Hanbo-350230-300x197.jpg 300w\" sizes=\"(max-width: 350px) 100vw, 350px\" \/><\/figure><div class=\"elementor-image-box-content\"><h3 class=\"elementor-image-box-title\">Lehrtafel Hanbo Jitsu<\/h3><p class=\"elementor-image-box-description\">Lehrtafel, doppelseitig &amp; laminiert, \nGr\u00f6\u00dfe A4 3,00 Euro\n<\/p><\/div><\/div>\t\t\t\t<\/div>\n\t\t\t\t<\/div>\n\t\t\t\t<div class=\"elementor-element elementor-element-d011f9e elementor-position-left elementor-vertical-align-top elementor-widget elementor-widget-image-box\" data-id=\"d011f9e\" data-element_type=\"widget\" data-e-type=\"widget\" data-widget_type=\"image-box.default\">\n\t\t\t\t<div class=\"elementor-widget-container\">\n\t\t\t\t\t<div class=\"elementor-image-box-wrapper\"><figure class=\"elementor-image-box-img\"><img decoding=\"async\" width=\"350\" height=\"230\" src=\"https:\/\/www.siegfried-lory.de\/wp-content\/uploads\/2019\/12\/LT-Festlegegriffe-Transporttechniken-350230.jpg\" class=\"attachment-full size-full wp-image-396\" alt=\"\" srcset=\"https:\/\/www.siegfried-lory.de\/wp-content\/uploads\/2019\/12\/LT-Festlegegriffe-Transporttechniken-350230.jpg 350w, https:\/\/www.siegfried-lory.de\/wp-content\/uploads\/2019\/12\/LT-Festlegegriffe-Transporttechniken-350230-300x197.jpg 300w\" sizes=\"(max-width: 350px) 100vw, 350px\" \/><\/figure><div class=\"elementor-image-box-content\"><h3 class=\"elementor-image-box-title\">Lehrtafel Festlegetechniken und Transportgriffe<\/h3><p class=\"elementor-image-box-description\">Lehrtafel, doppelseitig &amp; laminiert, \nGr\u00f6\u00dfe A4 3,00 Euro\n<\/p><\/div><\/div>\t\t\t\t<\/div>\n\t\t\t\t<\/div>\n\t\t\t\t<div class=\"elementor-element elementor-element-82ed592 elementor-position-left elementor-vertical-align-top elementor-widget elementor-widget-image-box\" data-id=\"82ed592\" data-element_type=\"widget\" data-e-type=\"widget\" data-widget_type=\"image-box.default\">\n\t\t\t\t<div class=\"elementor-widget-container\">\n\t\t\t\t\t<div class=\"elementor-image-box-wrapper\"><figure class=\"elementor-image-box-img\"><img loading=\"lazy\" decoding=\"async\" width=\"350\" height=\"230\" src=\"https:\/\/www.siegfried-lory.de\/wp-content\/uploads\/2019\/12\/LT-W\u00fcrgegriffe-Judow\u00fcrfe350230.jpg\" class=\"attachment-full size-full wp-image-400\" alt=\"\" srcset=\"https:\/\/www.siegfried-lory.de\/wp-content\/uploads\/2019\/12\/LT-W\u00fcrgegriffe-Judow\u00fcrfe350230.jpg 350w, https:\/\/www.siegfried-lory.de\/wp-content\/uploads\/2019\/12\/LT-W\u00fcrgegriffe-Judow\u00fcrfe350230-300x197.jpg 300w\" sizes=\"(max-width: 350px) 100vw, 350px\" \/><\/figure><div class=\"elementor-image-box-content\"><h3 class=\"elementor-image-box-title\">Lehrtafel Judow\u00fcrfe und W\u00fcrgegriffe (mit und ohne Stock)<\/h3><p class=\"elementor-image-box-description\">Lehrtafel, doppelseitig &amp; laminiert, \nGr\u00f6\u00dfe A4 3,00 Euro\n<\/p><\/div><\/div>\t\t\t\t<\/div>\n\t\t\t\t<\/div>\n\t\t\t\t<div class=\"elementor-element elementor-element-17ee9b6 elementor-position-left elementor-vertical-align-top elementor-widget elementor-widget-image-box\" data-id=\"17ee9b6\" data-element_type=\"widget\" data-e-type=\"widget\" data-widget_type=\"image-box.default\">\n\t\t\t\t<div class=\"elementor-widget-container\">\n\t\t\t\t\t<div class=\"elementor-image-box-wrapper\"><figure class=\"elementor-image-box-img\"><img loading=\"lazy\" decoding=\"async\" width=\"350\" height=\"230\" src=\"https:\/\/www.siegfried-lory.de\/wp-content\/uploads\/2019\/12\/LT-Hebel-AikidoGrundtechniken-350230.jpg\" class=\"attachment-full size-full wp-image-398\" alt=\"\" srcset=\"https:\/\/www.siegfried-lory.de\/wp-content\/uploads\/2019\/12\/LT-Hebel-AikidoGrundtechniken-350230.jpg 350w, https:\/\/www.siegfried-lory.de\/wp-content\/uploads\/2019\/12\/LT-Hebel-AikidoGrundtechniken-350230-300x197.jpg 300w\" sizes=\"(max-width: 350px) 100vw, 350px\" \/><\/figure><div class=\"elementor-image-box-content\"><h3 class=\"elementor-image-box-title\">Lehrtafel Verschiedene Hebel und Aikido-Grundtechniken<\/h3><p class=\"elementor-image-box-description\">Lehrtafel, doppelseitig &amp; laminiert, \nGr\u00f6\u00dfe A4 3,00 Euro\n<\/p><\/div><\/div>\t\t\t\t<\/div>\n\t\t\t\t<\/div>\n\t\t\t\t<div class=\"elementor-element elementor-element-6bb0454 elementor-widget-divider--view-line elementor-widget elementor-widget-divider\" data-id=\"6bb0454\" data-element_type=\"widget\" data-e-type=\"widget\" data-widget_type=\"divider.default\">\n\t\t\t\t<div class=\"elementor-widget-container\">\n\t\t\t\t\t\t\t<div class=\"elementor-divider\">\n\t\t\t<span class=\"elementor-divider-separator\">\n\t\t\t\t\t\t<\/span>\n\t\t<\/div>\n\t\t\t\t\t\t<\/div>\n\t\t\t\t<\/div>\n\t\t\t\t\t<\/div>\n\t\t<\/div>\n\t\t\t\t\t<\/div>\n\t\t<\/section>\n\t\t\t\t<section class=\"elementor-section elementor-top-section elementor-element elementor-element-40a6906 elementor-section-boxed elementor-section-height-default elementor-section-height-default\" data-id=\"40a6906\" data-element_type=\"section\" data-e-type=\"section\">\n\t\t\t\t\t\t<div class=\"elementor-container elementor-column-gap-default\">\n\t\t\t\t\t<div class=\"elementor-column elementor-col-100 elementor-top-column elementor-element elementor-element-c251b06\" data-id=\"c251b06\" data-element_type=\"column\" data-e-type=\"column\">\n\t\t\t<div class=\"elementor-widget-wrap elementor-element-populated\">\n\t\t\t\t\t\t<section class=\"elementor-section elementor-inner-section elementor-element elementor-element-1c5a9a0 elementor-section-boxed elementor-section-height-default elementor-section-height-default\" data-id=\"1c5a9a0\" data-element_type=\"section\" data-e-type=\"section\">\n\t\t\t\t\t\t<div class=\"elementor-container elementor-column-gap-default\">\n\t\t\t\t\t<div class=\"elementor-column elementor-col-33 elementor-inner-column elementor-element elementor-element-217ff1c\" data-id=\"217ff1c\" data-element_type=\"column\" data-e-type=\"column\">\n\t\t\t<div class=\"elementor-widget-wrap\">\n\t\t\t\t\t\t\t<\/div>\n\t\t<\/div>\n\t\t\t\t<div class=\"elementor-column elementor-col-33 elementor-inner-column elementor-element elementor-element-502432d\" data-id=\"502432d\" data-element_type=\"column\" data-e-type=\"column\">\n\t\t\t<div class=\"elementor-widget-wrap elementor-element-populated\">\n\t\t\t\t\t\t<div class=\"elementor-element elementor-element-d01c034 elementor-widget elementor-widget-text-editor\" data-id=\"d01c034\" data-element_type=\"widget\" data-e-type=\"widget\" data-widget_type=\"text-editor.default\">\n\t\t\t\t<div class=\"elementor-widget-container\">\n\t\t\t\t\t\t\t\t\t<p style=\"text-align: center;\"><span style=\"color: #d7d7d7;\"><strong><a style=\"color: #d7d7d7;\" href=\"https:\/\/www.siegfried-lory.de\/Dok\/Bestellliste-2023-04.pdf\" target=\"_blank\" rel=\"noopener\">Bestellliste zum Download <span style=\"text-decoration: underline;\">hier<\/span><\/a><\/strong><\/span><\/p>\t\t\t\t\t\t\t\t<\/div>\n\t\t\t\t<\/div>\n\t\t\t\t<div class=\"elementor-element elementor-element-c9cf629 elementor-widget elementor-widget-image\" data-id=\"c9cf629\" data-element_type=\"widget\" data-e-type=\"widget\" data-widget_type=\"image.default\">\n\t\t\t\t<div class=\"elementor-widget-container\">\n\t\t\t\t\t\t\t\t\t\t\t\t\t\t\t\t<a href=\"https:\/\/www.siegfried-lory.de\/Dok\/Bestellliste-2023-04.pdf\" target=\"_blank\">\n\t\t\t\t\t\t\t<img decoding=\"async\" src=\"https:\/\/www.siegfried-lory.de\/wp-content\/uploads\/elementor\/thumbs\/Bestellliste-2023-04-q573pxzgq1lavp4hf6qe22l92q9my79unboi5j72ie.png\" title=\"Bestellliste-2023-04\" alt=\"Bestellliste-2023-04\" loading=\"lazy\" \/>\t\t\t\t\t\t\t\t<\/a>\n\t\t\t\t\t\t\t\t\t\t\t\t\t\t\t<\/div>\n\t\t\t\t<\/div>\n\t\t\t\t\t<\/div>\n\t\t<\/div>\n\t\t\t\t<div class=\"elementor-column elementor-col-33 elementor-inner-column elementor-element elementor-element-000f683\" data-id=\"000f683\" data-element_type=\"column\" data-e-type=\"column\">\n\t\t\t<div class=\"elementor-widget-wrap\">\n\t\t\t\t\t\t\t<\/div>\n\t\t<\/div>\n\t\t\t\t\t<\/div>\n\t\t<\/section>\n\t\t\t\t\t<\/div>\n\t\t<\/div>\n\t\t\t\t\t<\/div>\n\t\t<\/section>\n\t\t\t\t<\/div>\n\t\t","protected":false},"excerpt":{"rendered":"<p>Lehrtafel Ju Jitsu und Kubotan Lehrtafel, doppelseitig &amp; laminiert, Gr\u00f6\u00dfe A4 3,00 Euro Lehrtafel Hanbo Jitsu Lehrtafel, doppelseitig &amp; laminiert, Gr\u00f6\u00dfe A4 3,00 Euro Lehrtafel Festlegetechniken und Transportgriffe Lehrtafel, doppelseitig &amp; laminiert, Gr\u00f6\u00dfe A4 3,00 Euro Lehrtafel Judow\u00fcrfe und W\u00fcrgegriffe (mit und ohne Stock) Lehrtafel, doppelseitig &amp; laminiert, Gr\u00f6\u00dfe A4 3,00 Euro Lehrtafel Verschiedene Hebel &hellip; <\/p>\n<p class=\"link-more\"><a href=\"https:\/\/www.siegfried-lory.de\/?page_id=133\" class=\"more-link\"><span class=\"screen-reader-text\">\u201eLehrtafeln\u201c <\/span>weiterlesen<\/a><\/p>\n","protected":false},"author":1,"featured_media":0,"parent":0,"menu_order":0,"comment_status":"closed","ping_status":"closed","template":"","meta":{"footnotes":""},"class_list":["post-133","page","type-page","status-publish","hentry"],"_links":{"self":[{"href":"https:\/\/www.siegfried-lory.de\/index.php?rest_route=\/wp\/v2\/pages\/133","targetHints":{"allow":["GET"]}}],"collection":[{"href":"https:\/\/www.siegfried-lory.de\/index.php?rest_route=\/wp\/v2\/pages"}],"about":[{"href":"https:\/\/www.siegfried-lory.de\/index.php?rest_route=\/wp\/v2\/types\/page"}],"author":[{"embeddable":true,"href":"https:\/\/www.siegfried-lory.de\/index.php?rest_route=\/wp\/v2\/users\/1"}],"replies":[{"embeddable":true,"href":"https:\/\/www.siegfried-lory.de\/index.php?rest_route=%2Fwp%2Fv2%2Fcomments&post=133"}],"version-history":[{"count":22,"href":"https:\/\/www.siegfried-lory.de\/index.php?rest_route=\/wp\/v2\/pages\/133\/revisions"}],"predecessor-version":[{"id":1426,"href":"https:\/\/www.siegfried-lory.de\/index.php?rest_route=\/wp\/v2\/pages\/133\/revisions\/1426"}],"wp:attachment":[{"href":"https:\/\/www.siegfried-lory.de\/index.php?rest_route=%2Fwp%2Fv2%2Fmedia&parent=133"}],"curies":[{"name":"wp","href":"https:\/\/api.w.org\/{rel}","templated":true}]}}