{"id":125,"date":"2019-12-23T19:31:25","date_gmt":"2019-12-23T18:31:25","guid":{"rendered":"http:\/\/www.siegfried-lory.de\/IFAK\/?page_id=125"},"modified":"2026-03-23T20:28:38","modified_gmt":"2026-03-23T19:28:38","slug":"lehrgaenge","status":"publish","type":"page","link":"https:\/\/www.siegfried-lory.de\/?page_id=125","title":{"rendered":"Lehrg\u00e4nge"},"content":{"rendered":"\t\t<div data-elementor-type=\"wp-page\" data-elementor-id=\"125\" class=\"elementor elementor-125\">\n\t\t\t\t\t\t<section class=\"elementor-section elementor-top-section elementor-element elementor-element-ad562c4 elementor-section-boxed elementor-section-height-default elementor-section-height-default\" data-id=\"ad562c4\" data-element_type=\"section\" data-e-type=\"section\">\n\t\t\t\t\t\t<div class=\"elementor-container elementor-column-gap-default\">\n\t\t\t\t\t<div class=\"elementor-column elementor-col-100 elementor-top-column elementor-element elementor-element-f20555e\" data-id=\"f20555e\" data-element_type=\"column\" data-e-type=\"column\">\n\t\t\t<div class=\"elementor-widget-wrap elementor-element-populated\">\n\t\t\t\t\t\t<div class=\"elementor-element elementor-element-511a341 elementor-widget elementor-widget-spacer\" data-id=\"511a341\" data-element_type=\"widget\" data-e-type=\"widget\" data-widget_type=\"spacer.default\">\n\t\t\t\t<div class=\"elementor-widget-container\">\n\t\t\t\t\t\t\t<div class=\"elementor-spacer\">\n\t\t\t<div class=\"elementor-spacer-inner\"><\/div>\n\t\t<\/div>\n\t\t\t\t\t\t<\/div>\n\t\t\t\t<\/div>\n\t\t\t\t\t<\/div>\n\t\t<\/div>\n\t\t\t\t\t<\/div>\n\t\t<\/section>\n\t\t\t\t<section class=\"elementor-section elementor-top-section elementor-element elementor-element-1b8cda9 elementor-section-boxed elementor-section-height-default elementor-section-height-default\" data-id=\"1b8cda9\" data-element_type=\"section\" data-e-type=\"section\">\n\t\t\t\t\t\t<div class=\"elementor-container elementor-column-gap-default\">\n\t\t\t\t\t<div class=\"elementor-column elementor-col-100 elementor-top-column elementor-element elementor-element-02880ff\" data-id=\"02880ff\" data-element_type=\"column\" data-e-type=\"column\">\n\t\t\t<div class=\"elementor-widget-wrap\">\n\t\t\t\t\t\t\t<\/div>\n\t\t<\/div>\n\t\t\t\t\t<\/div>\n\t\t<\/section>\n\t\t\t\t<section class=\"elementor-section elementor-top-section elementor-element elementor-element-27813ee elementor-section-boxed elementor-section-height-default elementor-section-height-default\" data-id=\"27813ee\" data-element_type=\"section\" data-e-type=\"section\">\n\t\t\t\t\t\t<div class=\"elementor-container elementor-column-gap-default\">\n\t\t\t\t\t<div class=\"elementor-column elementor-col-100 elementor-top-column elementor-element elementor-element-f7b9b04\" data-id=\"f7b9b04\" data-element_type=\"column\" data-e-type=\"column\">\n\t\t\t<div class=\"elementor-widget-wrap elementor-element-populated\">\n\t\t\t\t\t\t<div class=\"elementor-element elementor-element-640bd0e elementor-widget-divider--view-line elementor-widget elementor-widget-divider\" data-id=\"640bd0e\" data-element_type=\"widget\" data-e-type=\"widget\" data-widget_type=\"divider.default\">\n\t\t\t\t<div class=\"elementor-widget-container\">\n\t\t\t\t\t\t\t<div class=\"elementor-divider\">\n\t\t\t<span class=\"elementor-divider-separator\">\n\t\t\t\t\t\t<\/span>\n\t\t<\/div>\n\t\t\t\t\t\t<\/div>\n\t\t\t\t<\/div>\n\t\t\t\t\t<\/div>\n\t\t<\/div>\n\t\t\t\t\t<\/div>\n\t\t<\/section>\n\t\t\t\t<section class=\"elementor-section elementor-top-section elementor-element elementor-element-1d45f6b elementor-section-boxed elementor-section-height-default elementor-section-height-default\" data-id=\"1d45f6b\" data-element_type=\"section\" data-e-type=\"section\">\n\t\t\t\t\t\t<div class=\"elementor-container elementor-column-gap-default\">\n\t\t\t\t\t<div class=\"elementor-column elementor-col-33 elementor-top-column elementor-element elementor-element-c56ca79\" data-id=\"c56ca79\" data-element_type=\"column\" data-e-type=\"column\">\n\t\t\t<div class=\"elementor-widget-wrap elementor-element-populated\">\n\t\t\t\t\t\t<div class=\"elementor-element elementor-element-1828146 elementor-drop-cap-yes elementor-drop-cap-view-default elementor-widget elementor-widget-text-editor\" data-id=\"1828146\" data-element_type=\"widget\" data-e-type=\"widget\" data-settings=\"{&quot;drop_cap&quot;:&quot;yes&quot;}\" data-widget_type=\"text-editor.default\">\n\t\t\t\t<div class=\"elementor-widget-container\">\n\t\t\t\t\t\t\t\t\t<p style=\"text-align: center;\"><a href=\"https:\/\/www.siegfried-lory.de\/Dok\/2026-03-28 SV-LG Kressbronn mit Uwe Rehnert.pdf\" target=\"_blank\" rel=\"noopener\" data-wplink-url-error=\"true\">Sa, 28. M\u00e4rz 2026<br \/>Selbstverteidigungs-Lehrgang<br \/>mit Uwe Rehnert<br \/>in Kressbronn<br \/>bei Uwe Gischas<\/a><br \/><br \/><\/p>\t\t\t\t\t\t\t\t<\/div>\n\t\t\t\t<\/div>\n\t\t\t\t<div class=\"elementor-element elementor-element-faeb419 elementor-widget-divider--view-line elementor-widget elementor-widget-divider\" data-id=\"faeb419\" data-element_type=\"widget\" data-e-type=\"widget\" data-widget_type=\"divider.default\">\n\t\t\t\t<div class=\"elementor-widget-container\">\n\t\t\t\t\t\t\t<div class=\"elementor-divider\">\n\t\t\t<span class=\"elementor-divider-separator\">\n\t\t\t\t\t\t<\/span>\n\t\t<\/div>\n\t\t\t\t\t\t<\/div>\n\t\t\t\t<\/div>\n\t\t\t\t<div class=\"elementor-element elementor-element-187ec71 elementor-widget elementor-widget-image\" data-id=\"187ec71\" data-element_type=\"widget\" data-e-type=\"widget\" data-widget_type=\"image.default\">\n\t\t\t\t<div class=\"elementor-widget-container\">\n\t\t\t\t\t\t\t\t\t\t\t\t\t\t\t\t<a href=\"https:\/\/www.siegfried-lory.de\/Dok\/2026-03-28%20SV-LG%20Kressbronn%20mit%20Uwe%20Rehnert.pdf\" target=\"_blank\">\n\t\t\t\t\t\t\t<img fetchpriority=\"high\" decoding=\"async\" width=\"725\" height=\"1024\" src=\"https:\/\/www.siegfried-lory.de\/wp-content\/uploads\/2025\/12\/2026-03-28-SV-LG-Kressbronn-mit-Uwe-Rehnert-725x1024.png\" class=\"attachment-large size-large wp-image-2223\" alt=\"\" srcset=\"https:\/\/www.siegfried-lory.de\/wp-content\/uploads\/2025\/12\/2026-03-28-SV-LG-Kressbronn-mit-Uwe-Rehnert-725x1024.png 725w, https:\/\/www.siegfried-lory.de\/wp-content\/uploads\/2025\/12\/2026-03-28-SV-LG-Kressbronn-mit-Uwe-Rehnert-212x300.png 212w, https:\/\/www.siegfried-lory.de\/wp-content\/uploads\/2025\/12\/2026-03-28-SV-LG-Kressbronn-mit-Uwe-Rehnert-768x1085.png 768w, https:\/\/www.siegfried-lory.de\/wp-content\/uploads\/2025\/12\/2026-03-28-SV-LG-Kressbronn-mit-Uwe-Rehnert.png 787w\" sizes=\"100vw\" \/>\t\t\t\t\t\t\t\t<\/a>\n\t\t\t\t\t\t\t\t\t\t\t\t\t\t\t<\/div>\n\t\t\t\t<\/div>\n\t\t\t\t\t<\/div>\n\t\t<\/div>\n\t\t\t\t<div class=\"elementor-column elementor-col-33 elementor-top-column elementor-element elementor-element-aa4bb3a\" data-id=\"aa4bb3a\" data-element_type=\"column\" data-e-type=\"column\">\n\t\t\t<div class=\"elementor-widget-wrap elementor-element-populated\">\n\t\t\t\t\t\t<div class=\"elementor-element elementor-element-bad897c elementor-drop-cap-yes elementor-drop-cap-view-default elementor-widget elementor-widget-text-editor\" data-id=\"bad897c\" data-element_type=\"widget\" data-e-type=\"widget\" data-settings=\"{&quot;drop_cap&quot;:&quot;yes&quot;}\" data-widget_type=\"text-editor.default\">\n\t\t\t\t<div class=\"elementor-widget-container\">\n\t\t\t\t\t\t\t\t\t<p style=\"text-align: center;\"><a href=\"https:\/\/www.siegfried-lory.de\/Dok\/2026-04-18 Lehrgang Dagersheim 2026.pdf\" target=\"_blank\" rel=\"noopener\" data-wplink-url-error=\"true\">Sa, 18. April 2026<br \/>Dagersheimer Kampfsportlehrgang<br \/>Ju Jitsu, Hanbo Jitsu und Kobudo mit Pr\u00fcfungsm\u00f6glichkeit\u00a0mit Hanshi Matthias Weiss, Hanshi Istv\u00e1n M\u00e9sz\u00e1ros und Renshi Cedric Weiss<\/a><\/p>\t\t\t\t\t\t\t\t<\/div>\n\t\t\t\t<\/div>\n\t\t\t\t<div class=\"elementor-element elementor-element-1ea4c24 elementor-widget-divider--view-line elementor-widget elementor-widget-divider\" data-id=\"1ea4c24\" data-element_type=\"widget\" data-e-type=\"widget\" data-widget_type=\"divider.default\">\n\t\t\t\t<div class=\"elementor-widget-container\">\n\t\t\t\t\t\t\t<div class=\"elementor-divider\">\n\t\t\t<span class=\"elementor-divider-separator\">\n\t\t\t\t\t\t<\/span>\n\t\t<\/div>\n\t\t\t\t\t\t<\/div>\n\t\t\t\t<\/div>\n\t\t\t\t<div class=\"elementor-element elementor-element-acb07be elementor-widget elementor-widget-image\" data-id=\"acb07be\" data-element_type=\"widget\" data-e-type=\"widget\" data-widget_type=\"image.default\">\n\t\t\t\t<div class=\"elementor-widget-container\">\n\t\t\t\t\t\t\t\t\t\t\t\t\t\t\t\t<a href=\"https:\/\/www.siegfried-lory.de\/Dok\/2026-04-18%20Lehrgang%20Dagersheim%202026.pdf\" target=\"_blank\">\n\t\t\t\t\t\t\t<img decoding=\"async\" width=\"729\" height=\"1024\" src=\"https:\/\/www.siegfried-lory.de\/wp-content\/uploads\/2025\/12\/2026-04-18-Lehrgang-Dagersheim-2026-729x1024.jpg\" class=\"attachment-large size-large wp-image-2198\" alt=\"\" srcset=\"https:\/\/www.siegfried-lory.de\/wp-content\/uploads\/2025\/12\/2026-04-18-Lehrgang-Dagersheim-2026-729x1024.jpg 729w, https:\/\/www.siegfried-lory.de\/wp-content\/uploads\/2025\/12\/2026-04-18-Lehrgang-Dagersheim-2026-214x300.jpg 214w, https:\/\/www.siegfried-lory.de\/wp-content\/uploads\/2025\/12\/2026-04-18-Lehrgang-Dagersheim-2026.jpg 756w\" sizes=\"100vw\" \/>\t\t\t\t\t\t\t\t<\/a>\n\t\t\t\t\t\t\t\t\t\t\t\t\t\t\t<\/div>\n\t\t\t\t<\/div>\n\t\t\t\t\t<\/div>\n\t\t<\/div>\n\t\t\t\t<div class=\"elementor-column elementor-col-33 elementor-top-column elementor-element elementor-element-481f4db\" data-id=\"481f4db\" data-element_type=\"column\" data-e-type=\"column\">\n\t\t\t<div class=\"elementor-widget-wrap elementor-element-populated\">\n\t\t\t\t\t\t<div class=\"elementor-element elementor-element-1cd5480 elementor-drop-cap-yes elementor-drop-cap-view-default elementor-widget elementor-widget-text-editor\" data-id=\"1cd5480\" data-element_type=\"widget\" data-e-type=\"widget\" data-settings=\"{&quot;drop_cap&quot;:&quot;yes&quot;}\" data-widget_type=\"text-editor.default\">\n\t\t\t\t<div class=\"elementor-widget-container\">\n\t\t\t\t\t\t\t\t\t<p style=\"text-align: center;\"><a href=\"https:\/\/www.siegfried-lory.de\/Dok\/Seminar_2026-05-09-Kosice-MMK.pdf\" target=\"_blank\" rel=\"noopener\">Sa, 09. Mai 2026<br \/>Ju Jitsu und Hanbo Jitsu Lehrgang<br \/>mit Hanshi M. Weiss, Hanshi H. D\u00f6ring, Hanshi I. M\u00e9sz\u00e1ros, Shihan M. Marton und Renshi C. Weiss<br \/>in Kosice\/Slowakei<\/a><\/p>\t\t\t\t\t\t\t\t<\/div>\n\t\t\t\t<\/div>\n\t\t\t\t<div class=\"elementor-element elementor-element-cfde626 elementor-widget-divider--view-line elementor-widget elementor-widget-divider\" data-id=\"cfde626\" data-element_type=\"widget\" data-e-type=\"widget\" data-widget_type=\"divider.default\">\n\t\t\t\t<div class=\"elementor-widget-container\">\n\t\t\t\t\t\t\t<div class=\"elementor-divider\">\n\t\t\t<span class=\"elementor-divider-separator\">\n\t\t\t\t\t\t<\/span>\n\t\t<\/div>\n\t\t\t\t\t\t<\/div>\n\t\t\t\t<\/div>\n\t\t\t\t<div class=\"elementor-element elementor-element-077d3c5 elementor-widget elementor-widget-image\" data-id=\"077d3c5\" data-element_type=\"widget\" data-e-type=\"widget\" data-widget_type=\"image.default\">\n\t\t\t\t<div class=\"elementor-widget-container\">\n\t\t\t\t\t\t\t\t\t\t\t\t\t\t\t\t<a href=\"https:\/\/www.siegfried-lory.de\/Dok\/Seminar_2026-05-09-Kosice-MMK.pdf\" target=\"_blank\">\n\t\t\t\t\t\t\t<img decoding=\"async\" width=\"720\" height=\"1024\" src=\"https:\/\/www.siegfried-lory.de\/wp-content\/uploads\/2025\/12\/Seminar_2026-05-09-Kosice-MMK-720x1024.jpg\" class=\"attachment-large size-large wp-image-2199\" alt=\"\" srcset=\"https:\/\/www.siegfried-lory.de\/wp-content\/uploads\/2025\/12\/Seminar_2026-05-09-Kosice-MMK-720x1024.jpg 720w, https:\/\/www.siegfried-lory.de\/wp-content\/uploads\/2025\/12\/Seminar_2026-05-09-Kosice-MMK-211x300.jpg 211w, https:\/\/www.siegfried-lory.de\/wp-content\/uploads\/2025\/12\/Seminar_2026-05-09-Kosice-MMK.jpg 747w\" sizes=\"100vw\" \/>\t\t\t\t\t\t\t\t<\/a>\n\t\t\t\t\t\t\t\t\t\t\t\t\t\t\t<\/div>\n\t\t\t\t<\/div>\n\t\t\t\t\t<\/div>\n\t\t<\/div>\n\t\t\t\t\t<\/div>\n\t\t<\/section>\n\t\t\t\t<section class=\"elementor-section elementor-top-section elementor-element elementor-element-ac2b695 elementor-section-boxed elementor-section-height-default elementor-section-height-default\" data-id=\"ac2b695\" data-element_type=\"section\" data-e-type=\"section\">\n\t\t\t\t\t\t<div class=\"elementor-container elementor-column-gap-default\">\n\t\t\t\t\t<div class=\"elementor-column elementor-col-100 elementor-top-column elementor-element elementor-element-13e851a\" data-id=\"13e851a\" data-element_type=\"column\" data-e-type=\"column\">\n\t\t\t<div class=\"elementor-widget-wrap elementor-element-populated\">\n\t\t\t\t\t\t<div class=\"elementor-element elementor-element-3323ffa elementor-widget-divider--view-line elementor-widget elementor-widget-divider\" data-id=\"3323ffa\" data-element_type=\"widget\" data-e-type=\"widget\" data-widget_type=\"divider.default\">\n\t\t\t\t<div class=\"elementor-widget-container\">\n\t\t\t\t\t\t\t<div class=\"elementor-divider\">\n\t\t\t<span class=\"elementor-divider-separator\">\n\t\t\t\t\t\t<\/span>\n\t\t<\/div>\n\t\t\t\t\t\t<\/div>\n\t\t\t\t<\/div>\n\t\t\t\t\t<\/div>\n\t\t<\/div>\n\t\t\t\t\t<\/div>\n\t\t<\/section>\n\t\t\t\t<section class=\"elementor-section elementor-top-section elementor-element elementor-element-ffec17f elementor-section-boxed elementor-section-height-default elementor-section-height-default\" data-id=\"ffec17f\" data-element_type=\"section\" data-e-type=\"section\">\n\t\t\t\t\t\t<div class=\"elementor-container elementor-column-gap-default\">\n\t\t\t\t\t<div class=\"elementor-column elementor-col-33 elementor-top-column elementor-element elementor-element-e098cd7\" data-id=\"e098cd7\" data-element_type=\"column\" data-e-type=\"column\">\n\t\t\t<div class=\"elementor-widget-wrap elementor-element-populated\">\n\t\t\t\t\t\t<div class=\"elementor-element elementor-element-30968bf elementor-drop-cap-yes elementor-drop-cap-view-default elementor-widget elementor-widget-text-editor\" data-id=\"30968bf\" data-element_type=\"widget\" data-e-type=\"widget\" data-settings=\"{&quot;drop_cap&quot;:&quot;yes&quot;}\" data-widget_type=\"text-editor.default\">\n\t\t\t\t<div class=\"elementor-widget-container\">\n\t\t\t\t\t\t\t\t\t<p style=\"text-align: center;\"><a href=\"https:\/\/www.siegfried-lory.de\/Dok\/2026-06-21_IFAK Lehrgang 2026 M\u00fclheim.pdf\" target=\"_blank\" rel=\"noopener\" data-wplink-url-error=\"true\">So, 21. Juni 2026<br \/>M\u00fclheimer<br \/>Kampfkunst-Lehrgang<br \/>Goshin-Jitsu\u00a0 &amp; Kung-Fu<br \/>mit Hanshi Volker Hiekel<\/a><\/p>\t\t\t\t\t\t\t\t<\/div>\n\t\t\t\t<\/div>\n\t\t\t\t<div class=\"elementor-element elementor-element-ddc9037 elementor-widget-divider--view-line elementor-widget elementor-widget-divider\" data-id=\"ddc9037\" data-element_type=\"widget\" data-e-type=\"widget\" data-widget_type=\"divider.default\">\n\t\t\t\t<div class=\"elementor-widget-container\">\n\t\t\t\t\t\t\t<div class=\"elementor-divider\">\n\t\t\t<span class=\"elementor-divider-separator\">\n\t\t\t\t\t\t<\/span>\n\t\t<\/div>\n\t\t\t\t\t\t<\/div>\n\t\t\t\t<\/div>\n\t\t\t\t<div class=\"elementor-element elementor-element-9e537b1 elementor-widget elementor-widget-image\" data-id=\"9e537b1\" data-element_type=\"widget\" data-e-type=\"widget\" data-widget_type=\"image.default\">\n\t\t\t\t<div class=\"elementor-widget-container\">\n\t\t\t\t\t\t\t\t\t\t\t\t\t\t\t\t<a href=\"https:\/\/www.siegfried-lory.de\/Dok\/2026-06-21_IFAK%20Lehrgang%202026%20M\u00fclheim.pdf\" target=\"_blank\">\n\t\t\t\t\t\t\t<img loading=\"lazy\" decoding=\"async\" width=\"560\" height=\"801\" src=\"https:\/\/www.siegfried-lory.de\/wp-content\/uploads\/2025\/08\/2026-06-21_IFAK-Lehrgang-2026-Muelheim.png\" class=\"attachment-large size-large wp-image-2043\" alt=\"\" srcset=\"https:\/\/www.siegfried-lory.de\/wp-content\/uploads\/2025\/08\/2026-06-21_IFAK-Lehrgang-2026-Muelheim.png 560w, https:\/\/www.siegfried-lory.de\/wp-content\/uploads\/2025\/08\/2026-06-21_IFAK-Lehrgang-2026-Muelheim-210x300.png 210w\" sizes=\"100vw\" \/>\t\t\t\t\t\t\t\t<\/a>\n\t\t\t\t\t\t\t\t\t\t\t\t\t\t\t<\/div>\n\t\t\t\t<\/div>\n\t\t\t\t\t<\/div>\n\t\t<\/div>\n\t\t\t\t<div class=\"elementor-column elementor-col-33 elementor-top-column elementor-element elementor-element-aae041e\" data-id=\"aae041e\" data-element_type=\"column\" data-e-type=\"column\">\n\t\t\t<div class=\"elementor-widget-wrap elementor-element-populated\">\n\t\t\t\t\t\t<div class=\"elementor-element elementor-element-15a83dd elementor-drop-cap-yes elementor-drop-cap-view-default elementor-widget elementor-widget-text-editor\" data-id=\"15a83dd\" data-element_type=\"widget\" data-e-type=\"widget\" data-settings=\"{&quot;drop_cap&quot;:&quot;yes&quot;}\" data-widget_type=\"text-editor.default\">\n\t\t\t\t<div class=\"elementor-widget-container\">\n\t\t\t\t\t\t\t\t\t<p style=\"text-align: center;\"><a href=\"https:\/\/www.siegfried-lory.de\/Dok\/20261017_IFAK_Herbst-Seminar TSV Feldkirchen.pdf\" target=\"_blank\" rel=\"noopener\" data-wplink-url-error=\"true\">Sa, 17. Oktober 2026<br \/>Judo- und Ju-Jitsu-Seminar<br \/>mit Hanshi Hans D\u00f6ring in Feldkirchen bei M\u00fcnchen<\/a>\u00a0<br \/><br \/><\/p>\t\t\t\t\t\t\t\t<\/div>\n\t\t\t\t<\/div>\n\t\t\t\t<div class=\"elementor-element elementor-element-5a71df5 elementor-widget-divider--view-line elementor-widget elementor-widget-divider\" data-id=\"5a71df5\" data-element_type=\"widget\" data-e-type=\"widget\" data-widget_type=\"divider.default\">\n\t\t\t\t<div class=\"elementor-widget-container\">\n\t\t\t\t\t\t\t<div class=\"elementor-divider\">\n\t\t\t<span class=\"elementor-divider-separator\">\n\t\t\t\t\t\t<\/span>\n\t\t<\/div>\n\t\t\t\t\t\t<\/div>\n\t\t\t\t<\/div>\n\t\t\t\t<div class=\"elementor-element elementor-element-5a52af9 elementor-widget elementor-widget-image\" data-id=\"5a52af9\" data-element_type=\"widget\" data-e-type=\"widget\" data-widget_type=\"image.default\">\n\t\t\t\t<div class=\"elementor-widget-container\">\n\t\t\t\t\t\t\t\t\t\t\t\t\t\t\t\t<a href=\"https:\/\/www.siegfried-lory.de\/Dok\/20261017_IFAK_Herbst-Seminar%20TSV%20Feldkirchen.pdf\" target=\"_blank\">\n\t\t\t\t\t\t\t<img loading=\"lazy\" decoding=\"async\" width=\"722\" height=\"1024\" src=\"https:\/\/www.siegfried-lory.de\/wp-content\/uploads\/2026\/02\/20261017_IFAK_Herbst-Seminar-TSV-Feldkirchen-722x1024.jpg\" class=\"attachment-large size-large wp-image-2266\" alt=\"\" srcset=\"https:\/\/www.siegfried-lory.de\/wp-content\/uploads\/2026\/02\/20261017_IFAK_Herbst-Seminar-TSV-Feldkirchen-722x1024.jpg 722w, https:\/\/www.siegfried-lory.de\/wp-content\/uploads\/2026\/02\/20261017_IFAK_Herbst-Seminar-TSV-Feldkirchen-212x300.jpg 212w, https:\/\/www.siegfried-lory.de\/wp-content\/uploads\/2026\/02\/20261017_IFAK_Herbst-Seminar-TSV-Feldkirchen.jpg 751w\" sizes=\"100vw\" \/>\t\t\t\t\t\t\t\t<\/a>\n\t\t\t\t\t\t\t\t\t\t\t\t\t\t\t<\/div>\n\t\t\t\t<\/div>\n\t\t\t\t\t<\/div>\n\t\t<\/div>\n\t\t\t\t<div class=\"elementor-column elementor-col-33 elementor-top-column elementor-element elementor-element-dc5e6be\" data-id=\"dc5e6be\" data-element_type=\"column\" data-e-type=\"column\">\n\t\t\t<div class=\"elementor-widget-wrap elementor-element-populated\">\n\t\t\t\t\t\t<div class=\"elementor-element elementor-element-8518ace elementor-widget elementor-widget-heading\" data-id=\"8518ace\" data-element_type=\"widget\" data-e-type=\"widget\" data-widget_type=\"heading.default\">\n\t\t\t\t<div class=\"elementor-widget-container\">\n\t\t\t\t\t<h2 class=\"elementor-heading-title elementor-size-medium\"><a href=\"https:\/\/www.siegfried-lory.de\/Dok\/SV-Lehrga\u0308nge%202026-3.pdf\" target=\"_blank\"><br>\u21d2 Zur Lehrgangs\u00fcbersicht 2026<br><\/a><\/h2>\t\t\t\t<\/div>\n\t\t\t\t<\/div>\n\t\t\t\t\t<\/div>\n\t\t<\/div>\n\t\t\t\t\t<\/div>\n\t\t<\/section>\n\t\t\t\t<section class=\"elementor-section elementor-top-section elementor-element elementor-element-e4dd320 elementor-section-boxed elementor-section-height-default elementor-section-height-default\" data-id=\"e4dd320\" data-element_type=\"section\" data-e-type=\"section\">\n\t\t\t\t\t\t<div class=\"elementor-container elementor-column-gap-default\">\n\t\t\t\t\t<div class=\"elementor-column elementor-col-100 elementor-top-column elementor-element elementor-element-1c62c86\" data-id=\"1c62c86\" data-element_type=\"column\" data-e-type=\"column\">\n\t\t\t<div class=\"elementor-widget-wrap elementor-element-populated\">\n\t\t\t\t\t\t<div class=\"elementor-element elementor-element-f2f1dfa elementor-widget-divider--view-line elementor-widget elementor-widget-divider\" data-id=\"f2f1dfa\" data-element_type=\"widget\" data-e-type=\"widget\" data-widget_type=\"divider.default\">\n\t\t\t\t<div class=\"elementor-widget-container\">\n\t\t\t\t\t\t\t<div class=\"elementor-divider\">\n\t\t\t<span class=\"elementor-divider-separator\">\n\t\t\t\t\t\t<\/span>\n\t\t<\/div>\n\t\t\t\t\t\t<\/div>\n\t\t\t\t<\/div>\n\t\t\t\t\t<\/div>\n\t\t<\/div>\n\t\t\t\t\t<\/div>\n\t\t<\/section>\n\t\t\t\t<section class=\"elementor-section elementor-top-section elementor-element elementor-element-da4719a elementor-section-boxed elementor-section-height-default elementor-section-height-default\" data-id=\"da4719a\" data-element_type=\"section\" data-e-type=\"section\">\n\t\t\t\t\t\t<div class=\"elementor-container elementor-column-gap-default\">\n\t\t\t\t\t<div class=\"elementor-column elementor-col-50 elementor-top-column elementor-element elementor-element-2e5c5c3\" data-id=\"2e5c5c3\" data-element_type=\"column\" data-e-type=\"column\">\n\t\t\t<div class=\"elementor-widget-wrap\">\n\t\t\t\t\t\t\t<\/div>\n\t\t<\/div>\n\t\t\t\t<div class=\"elementor-column elementor-col-50 elementor-top-column elementor-element elementor-element-47fed7f\" data-id=\"47fed7f\" data-element_type=\"column\" data-e-type=\"column\">\n\t\t\t<div class=\"elementor-widget-wrap\">\n\t\t\t\t\t\t\t<\/div>\n\t\t<\/div>\n\t\t\t\t\t<\/div>\n\t\t<\/section>\n\t\t\t\t<section class=\"elementor-section elementor-top-section elementor-element elementor-element-6fb16f7 elementor-section-boxed elementor-section-height-default elementor-section-height-default\" data-id=\"6fb16f7\" data-element_type=\"section\" data-e-type=\"section\">\n\t\t\t\t\t\t<div class=\"elementor-container elementor-column-gap-default\">\n\t\t\t\t\t<div class=\"elementor-column elementor-col-33 elementor-top-column elementor-element elementor-element-df58bda\" data-id=\"df58bda\" data-element_type=\"column\" data-e-type=\"column\">\n\t\t\t<div class=\"elementor-widget-wrap elementor-element-populated\">\n\t\t\t\t\t\t<div class=\"elementor-element elementor-element-bb324e3 elementor-widget elementor-widget-spacer\" data-id=\"bb324e3\" data-element_type=\"widget\" data-e-type=\"widget\" data-widget_type=\"spacer.default\">\n\t\t\t\t<div class=\"elementor-widget-container\">\n\t\t\t\t\t\t\t<div class=\"elementor-spacer\">\n\t\t\t<div class=\"elementor-spacer-inner\"><\/div>\n\t\t<\/div>\n\t\t\t\t\t\t<\/div>\n\t\t\t\t<\/div>\n\t\t\t\t<div class=\"elementor-element elementor-element-f9720dc elementor-widget elementor-widget-spacer\" data-id=\"f9720dc\" data-element_type=\"widget\" data-e-type=\"widget\" data-widget_type=\"spacer.default\">\n\t\t\t\t<div class=\"elementor-widget-container\">\n\t\t\t\t\t\t\t<div class=\"elementor-spacer\">\n\t\t\t<div class=\"elementor-spacer-inner\"><\/div>\n\t\t<\/div>\n\t\t\t\t\t\t<\/div>\n\t\t\t\t<\/div>\n\t\t\t\t\t<\/div>\n\t\t<\/div>\n\t\t\t\t<div class=\"elementor-column elementor-col-33 elementor-top-column elementor-element elementor-element-6b2e19e\" data-id=\"6b2e19e\" data-element_type=\"column\" data-e-type=\"column\">\n\t\t\t<div class=\"elementor-widget-wrap elementor-element-populated\">\n\t\t\t\t\t\t<div class=\"elementor-element elementor-element-69a41b7 elementor-widget elementor-widget-spacer\" data-id=\"69a41b7\" data-element_type=\"widget\" data-e-type=\"widget\" data-widget_type=\"spacer.default\">\n\t\t\t\t<div class=\"elementor-widget-container\">\n\t\t\t\t\t\t\t<div class=\"elementor-spacer\">\n\t\t\t<div class=\"elementor-spacer-inner\"><\/div>\n\t\t<\/div>\n\t\t\t\t\t\t<\/div>\n\t\t\t\t<\/div>\n\t\t\t\t<div class=\"elementor-element elementor-element-eba38df elementor-widget elementor-widget-spacer\" data-id=\"eba38df\" data-element_type=\"widget\" data-e-type=\"widget\" data-widget_type=\"spacer.default\">\n\t\t\t\t<div class=\"elementor-widget-container\">\n\t\t\t\t\t\t\t<div class=\"elementor-spacer\">\n\t\t\t<div class=\"elementor-spacer-inner\"><\/div>\n\t\t<\/div>\n\t\t\t\t\t\t<\/div>\n\t\t\t\t<\/div>\n\t\t\t\t\t<\/div>\n\t\t<\/div>\n\t\t\t\t<div class=\"elementor-column elementor-col-33 elementor-top-column elementor-element elementor-element-0e0bb83\" data-id=\"0e0bb83\" data-element_type=\"column\" data-e-type=\"column\">\n\t\t\t<div class=\"elementor-widget-wrap elementor-element-populated\">\n\t\t\t\t\t\t<div class=\"elementor-element elementor-element-4470ffb elementor-widget elementor-widget-spacer\" data-id=\"4470ffb\" data-element_type=\"widget\" data-e-type=\"widget\" data-widget_type=\"spacer.default\">\n\t\t\t\t<div class=\"elementor-widget-container\">\n\t\t\t\t\t\t\t<div class=\"elementor-spacer\">\n\t\t\t<div class=\"elementor-spacer-inner\"><\/div>\n\t\t<\/div>\n\t\t\t\t\t\t<\/div>\n\t\t\t\t<\/div>\n\t\t\t\t<div class=\"elementor-element elementor-element-9c38a8c elementor-widget elementor-widget-spacer\" data-id=\"9c38a8c\" data-element_type=\"widget\" data-e-type=\"widget\" data-widget_type=\"spacer.default\">\n\t\t\t\t<div class=\"elementor-widget-container\">\n\t\t\t\t\t\t\t<div class=\"elementor-spacer\">\n\t\t\t<div class=\"elementor-spacer-inner\"><\/div>\n\t\t<\/div>\n\t\t\t\t\t\t<\/div>\n\t\t\t\t<\/div>\n\t\t\t\t\t<\/div>\n\t\t<\/div>\n\t\t\t\t\t<\/div>\n\t\t<\/section>\n\t\t\t\t<\/div>\n\t\t","protected":false},"excerpt":{"rendered":"<p>Sa, 28. M\u00e4rz 2026Selbstverteidigungs-Lehrgangmit Uwe Rehnertin Kressbronnbei Uwe Gischas Sa, 18. April 2026Dagersheimer KampfsportlehrgangJu Jitsu, Hanbo Jitsu und Kobudo mit Pr\u00fcfungsm\u00f6glichkeit\u00a0mit Hanshi Matthias Weiss, Hanshi Istv\u00e1n M\u00e9sz\u00e1ros und Renshi Cedric Weiss Sa, 09. Mai 2026Ju Jitsu und Hanbo Jitsu Lehrgangmit Hanshi M. Weiss, Hanshi H. D\u00f6ring, Hanshi I. M\u00e9sz\u00e1ros, Shihan M. Marton und Renshi C. &hellip; <\/p>\n<p class=\"link-more\"><a href=\"https:\/\/www.siegfried-lory.de\/?page_id=125\" class=\"more-link\"><span class=\"screen-reader-text\">\u201eLehrg\u00e4nge\u201c <\/span>weiterlesen<\/a><\/p>\n","protected":false},"author":1,"featured_media":0,"parent":0,"menu_order":0,"comment_status":"closed","ping_status":"closed","template":"","meta":{"footnotes":""},"class_list":["post-125","page","type-page","status-publish","hentry"],"_links":{"self":[{"href":"https:\/\/www.siegfried-lory.de\/index.php?rest_route=\/wp\/v2\/pages\/125","targetHints":{"allow":["GET"]}}],"collection":[{"href":"https:\/\/www.siegfried-lory.de\/index.php?rest_route=\/wp\/v2\/pages"}],"about":[{"href":"https:\/\/www.siegfried-lory.de\/index.php?rest_route=\/wp\/v2\/types\/page"}],"author":[{"embeddable":true,"href":"https:\/\/www.siegfried-lory.de\/index.php?rest_route=\/wp\/v2\/users\/1"}],"replies":[{"embeddable":true,"href":"https:\/\/www.siegfried-lory.de\/index.php?rest_route=%2Fwp%2Fv2%2Fcomments&post=125"}],"version-history":[{"count":300,"href":"https:\/\/www.siegfried-lory.de\/index.php?rest_route=\/wp\/v2\/pages\/125\/revisions"}],"predecessor-version":[{"id":2279,"href":"https:\/\/www.siegfried-lory.de\/index.php?rest_route=\/wp\/v2\/pages\/125\/revisions\/2279"}],"wp:attachment":[{"href":"https:\/\/www.siegfried-lory.de\/index.php?rest_route=%2Fwp%2Fv2%2Fmedia&parent=125"}],"curies":[{"name":"wp","href":"https:\/\/api.w.org\/{rel}","templated":true}]}}