{"id":114,"date":"2019-12-23T19:22:03","date_gmt":"2019-12-23T18:22:03","guid":{"rendered":"http:\/\/www.siegfried-lory.de\/IFAK\/?page_id=114"},"modified":"2025-11-23T19:17:20","modified_gmt":"2025-11-23T18:17:20","slug":"siegfried-lory","status":"publish","type":"page","link":"https:\/\/www.siegfried-lory.de\/?page_id=114","title":{"rendered":"Soke Siegfried Lory"},"content":{"rendered":"\t\t<div data-elementor-type=\"wp-page\" data-elementor-id=\"114\" class=\"elementor elementor-114\">\n\t\t\t\t\t\t<section class=\"elementor-section elementor-top-section elementor-element elementor-element-d3a5859 elementor-section-boxed elementor-section-height-default elementor-section-height-default\" data-id=\"d3a5859\" data-element_type=\"section\" data-e-type=\"section\">\n\t\t\t\t\t\t<div class=\"elementor-container elementor-column-gap-default\">\n\t\t\t\t\t<div class=\"elementor-column elementor-col-33 elementor-top-column elementor-element elementor-element-9157eb1\" data-id=\"9157eb1\" data-element_type=\"column\" data-e-type=\"column\">\n\t\t\t<div class=\"elementor-widget-wrap elementor-element-populated\">\n\t\t\t\t\t\t<div class=\"elementor-element elementor-element-03bf51e elementor-widget elementor-widget-text-editor\" data-id=\"03bf51e\" data-element_type=\"widget\" data-e-type=\"widget\" data-widget_type=\"text-editor.default\">\n\t\t\t\t<div class=\"elementor-widget-container\">\n\t\t\t\t\t\t\t\t\t<p><span style=\"color: #d7d7d7;\"><strong>Siegfried Lory<\/strong>,<br \/><span style=\"font-size: 1rem;\">geb. 09. September 1943<br \/><\/span><span style=\"font-size: 1rem;\">10. DAN Ju-Jitsu \/ Jiu Jitsu \/ Goshin Jitsu<br \/><\/span><span style=\"font-size: 1rem;\">10. DAN Hanbo-Jitsu<br \/><\/span><span style=\"font-size: 1rem;\">5. Dan Kombatan<br \/><\/span><span style=\"font-size: 1rem;\">5. Dan Judo<br \/><\/span><span style=\"font-size: 1rem;\">4. DAN Shotokan-Karate<br \/><\/span><span style=\"font-size: 1rem;\">4. DAN Aikido<br \/><\/span><span style=\"font-size: 1rem;\">1. DAN Taekwondo (WTF)<br \/><\/span><span style=\"font-size: 1rem;\">Meister im &#8222;Nahkampf&#8220;<br \/><\/span><span style=\"font-size: 1rem;\">Fachlehrer f\u00fcr moderne Selbstverteidigung<br \/><\/span><span style=\"font-size: 1rem;\">Sportler des Jahres f\u00fcr Ju Jitsu<br \/><\/span><span style=\"font-size: 1rem;\">2002 &#8211; 2009 &#8211; 2010 &#8211; 2012-2014<br \/><\/span><span style=\"font-size: 1rem;\">in der Hall of Fame<br \/><\/span><\/span><\/p>\t\t\t\t\t\t\t\t<\/div>\n\t\t\t\t<\/div>\n\t\t\t\t\t<\/div>\n\t\t<\/div>\n\t\t\t\t<div class=\"elementor-column elementor-col-33 elementor-top-column elementor-element elementor-element-4691ae0\" data-id=\"4691ae0\" data-element_type=\"column\" data-e-type=\"column\">\n\t\t\t<div class=\"elementor-widget-wrap elementor-element-populated\">\n\t\t\t\t\t\t<div class=\"elementor-element elementor-element-c49c72e elementor-widget elementor-widget-image\" data-id=\"c49c72e\" data-element_type=\"widget\" data-e-type=\"widget\" data-widget_type=\"image.default\">\n\t\t\t\t<div class=\"elementor-widget-container\">\n\t\t\t\t\t\t\t\t\t\t\t\t\t\t\t<img fetchpriority=\"high\" decoding=\"async\" width=\"740\" height=\"550\" src=\"https:\/\/www.siegfried-lory.de\/wp-content\/uploads\/2019\/12\/Sigi-Hanbo-300dpi-rot-1024x761.jpg\" class=\"attachment-large size-large wp-image-201\" alt=\"\" srcset=\"https:\/\/www.siegfried-lory.de\/wp-content\/uploads\/2019\/12\/Sigi-Hanbo-300dpi-rot-1024x761.jpg 1024w, https:\/\/www.siegfried-lory.de\/wp-content\/uploads\/2019\/12\/Sigi-Hanbo-300dpi-rot-300x223.jpg 300w, https:\/\/www.siegfried-lory.de\/wp-content\/uploads\/2019\/12\/Sigi-Hanbo-300dpi-rot-768x571.jpg 768w, https:\/\/www.siegfried-lory.de\/wp-content\/uploads\/2019\/12\/Sigi-Hanbo-300dpi-rot-1536x1142.jpg 1536w, https:\/\/www.siegfried-lory.de\/wp-content\/uploads\/2019\/12\/Sigi-Hanbo-300dpi-rot-2048x1523.jpg 2048w\" sizes=\"100vw\" \/>\t\t\t\t\t\t\t\t\t\t\t\t\t\t\t<\/div>\n\t\t\t\t<\/div>\n\t\t\t\t\t<\/div>\n\t\t<\/div>\n\t\t\t\t<div class=\"elementor-column elementor-col-33 elementor-top-column elementor-element elementor-element-b6574ec\" data-id=\"b6574ec\" data-element_type=\"column\" data-e-type=\"column\">\n\t\t\t<div class=\"elementor-widget-wrap elementor-element-populated\">\n\t\t\t\t\t\t<section class=\"elementor-section elementor-inner-section elementor-element elementor-element-0fa5aee elementor-section-boxed elementor-section-height-default elementor-section-height-default\" data-id=\"0fa5aee\" data-element_type=\"section\" data-e-type=\"section\">\n\t\t\t\t\t\t<div class=\"elementor-container elementor-column-gap-default\">\n\t\t\t\t\t<div class=\"elementor-column elementor-col-50 elementor-inner-column elementor-element elementor-element-3688829\" data-id=\"3688829\" data-element_type=\"column\" data-e-type=\"column\">\n\t\t\t<div class=\"elementor-widget-wrap elementor-element-populated\">\n\t\t\t\t\t\t<div class=\"elementor-element elementor-element-9f937f7 elementor-widget elementor-widget-image\" data-id=\"9f937f7\" data-element_type=\"widget\" data-e-type=\"widget\" data-widget_type=\"image.default\">\n\t\t\t\t<div class=\"elementor-widget-container\">\n\t\t\t\t\t\t\t\t\t\t\t\t\t\t\t<img decoding=\"async\" width=\"171\" height=\"253\" src=\"https:\/\/www.siegfried-lory.de\/wp-content\/uploads\/2019\/12\/Autogrammkarte.jpg\" class=\"attachment-large size-large wp-image-198\" alt=\"\" sizes=\"100vw\" \/>\t\t\t\t\t\t\t\t\t\t\t\t\t\t\t<\/div>\n\t\t\t\t<\/div>\n\t\t\t\t\t<\/div>\n\t\t<\/div>\n\t\t\t\t<div class=\"elementor-column elementor-col-50 elementor-inner-column elementor-element elementor-element-a5b7853\" data-id=\"a5b7853\" data-element_type=\"column\" data-e-type=\"column\">\n\t\t\t<div class=\"elementor-widget-wrap elementor-element-populated\">\n\t\t\t\t\t\t<div class=\"elementor-element elementor-element-ad65c0a elementor-widget elementor-widget-image\" data-id=\"ad65c0a\" data-element_type=\"widget\" data-e-type=\"widget\" data-widget_type=\"image.default\">\n\t\t\t\t<div class=\"elementor-widget-container\">\n\t\t\t\t\t\t\t\t\t\t\t\t\t\t\t<img decoding=\"async\" width=\"185\" height=\"253\" src=\"https:\/\/www.siegfried-lory.de\/wp-content\/uploads\/2019\/12\/Autogrammkarte-02-253.jpg\" class=\"attachment-large size-large wp-image-199\" alt=\"\" sizes=\"100vw\" \/>\t\t\t\t\t\t\t\t\t\t\t\t\t\t\t<\/div>\n\t\t\t\t<\/div>\n\t\t\t\t\t<\/div>\n\t\t<\/div>\n\t\t\t\t\t<\/div>\n\t\t<\/section>\n\t\t\t\t<section class=\"elementor-section elementor-inner-section elementor-element elementor-element-6a3548b elementor-section-boxed elementor-section-height-default elementor-section-height-default\" data-id=\"6a3548b\" data-element_type=\"section\" data-e-type=\"section\">\n\t\t\t\t\t\t<div class=\"elementor-container elementor-column-gap-default\">\n\t\t\t\t\t<div class=\"elementor-column elementor-col-100 elementor-inner-column elementor-element elementor-element-0745bc9\" data-id=\"0745bc9\" data-element_type=\"column\" data-e-type=\"column\">\n\t\t\t<div class=\"elementor-widget-wrap elementor-element-populated\">\n\t\t\t\t\t\t<div class=\"elementor-element elementor-element-bd5004c elementor-widget elementor-widget-image\" data-id=\"bd5004c\" data-element_type=\"widget\" data-e-type=\"widget\" data-widget_type=\"image.default\">\n\t\t\t\t<div class=\"elementor-widget-container\">\n\t\t\t\t\t\t\t\t\t\t\t\t\t\t\t<img loading=\"lazy\" decoding=\"async\" width=\"183\" height=\"254\" src=\"https:\/\/www.siegfried-lory.de\/wp-content\/uploads\/2019\/12\/Hall-of-Fame-255.jpg\" class=\"attachment-large size-large wp-image-200\" alt=\"\" sizes=\"100vw\" \/>\t\t\t\t\t\t\t\t\t\t\t\t\t\t\t<\/div>\n\t\t\t\t<\/div>\n\t\t\t\t\t<\/div>\n\t\t<\/div>\n\t\t\t\t\t<\/div>\n\t\t<\/section>\n\t\t\t\t\t<\/div>\n\t\t<\/div>\n\t\t\t\t\t<\/div>\n\t\t<\/section>\n\t\t\t\t<section class=\"elementor-section elementor-top-section elementor-element elementor-element-38d3d883 elementor-section-boxed elementor-section-height-default elementor-section-height-default\" data-id=\"38d3d883\" data-element_type=\"section\" data-e-type=\"section\">\n\t\t\t\t\t\t<div class=\"elementor-container elementor-column-gap-default\">\n\t\t\t\t\t<div class=\"elementor-column elementor-col-100 elementor-top-column elementor-element elementor-element-688caead\" data-id=\"688caead\" data-element_type=\"column\" data-e-type=\"column\">\n\t\t\t<div class=\"elementor-widget-wrap elementor-element-populated\">\n\t\t\t\t\t\t<div class=\"elementor-element elementor-element-22b2e4f2 elementor-widget elementor-widget-text-editor\" data-id=\"22b2e4f2\" data-element_type=\"widget\" data-e-type=\"widget\" data-widget_type=\"text-editor.default\">\n\t\t\t\t<div class=\"elementor-widget-container\">\n\t\t\t\t\t\t\t\t\t<p><span style=\"color: #d7d7d7;\"><b>Zum BFAK\/IFAK-Gr\u00fcnder Soke Siegfried Lory, 10. Dan<\/b><br \/><span style=\"font-size: 1rem;\">geb. 09.09.1943 in Pei\u00dfenberg\/Oberbayern<br \/><\/span><span style=\"font-size: 1rem;\">Beruf: Justizbeamter AD<br \/><\/span><\/span><span style=\"color: #d7d7d7;\"><span style=\"font-size: 1rem;\"><br \/><img loading=\"lazy\" decoding=\"async\" class=\"wp-image-999 size-thumbnail alignleft\" src=\"https:\/\/www.siegfried-lory.de\/wp-content\/uploads\/2020\/01\/BFAK500-150x150.jpg\" alt=\"\" width=\"150\" height=\"150\" srcset=\"https:\/\/www.siegfried-lory.de\/wp-content\/uploads\/2020\/01\/BFAK500-150x150.jpg 150w, https:\/\/www.siegfried-lory.de\/wp-content\/uploads\/2020\/01\/BFAK500-300x300.jpg 300w, https:\/\/www.siegfried-lory.de\/wp-content\/uploads\/2020\/01\/BFAK500-100x100.jpg 100w, https:\/\/www.siegfried-lory.de\/wp-content\/uploads\/2020\/01\/BFAK500.jpg 500w\" sizes=\"(max-width: 150px) 100vw, 150px\" \/>Im Dezember 1962 <img loading=\"lazy\" decoding=\"async\" class=\"size-medium wp-image-1000 alignright\" src=\"https:\/\/www.siegfried-lory.de\/wp-content\/uploads\/2020\/01\/Sigi-1970-stehend-b-176x300.jpg\" alt=\"\" width=\"176\" height=\"300\" srcset=\"https:\/\/www.siegfried-lory.de\/wp-content\/uploads\/2020\/01\/Sigi-1970-stehend-b-176x300.jpg 176w, https:\/\/www.siegfried-lory.de\/wp-content\/uploads\/2020\/01\/Sigi-1970-stehend-b.jpg 217w\" sizes=\"(max-width: 176px) 100vw, 176px\" \/>begann Siegfried Lory im Keller der Handelsschule in Pei\u00dfenberg\/Oberbayern mit 4 Personen das erste Training. 1967 gr\u00fcndete er den Ju- Jitsu, Judo und Karate &#8211; Club in Pei\u00dfenberg\/ Obb. und 1979 den BFAK (Bayerischer Fachverband f\u00fcr asiatische Kampfsportarten) 2012 wurde der wachsende Verband zum IFAK (Internationaler Fachverband f\u00fcr asiatische Kampfsportarten) umbenannt. 1979 war er mit seiner SV- Gruppe von der Justiz bei Joachim Fuchsberger in der Sendung &#8222;Auf los geht&#8217;s los&#8220; live im ARD- Fernsehen.<\/span><\/span><\/p><p><span style=\"color: #d7d7d7;\">Sein Erfolg hat sich durch sehr viel Flei\u00df und intensives Training eingestellt. Durch Mitwirkung an Benefizveranstaltungen, wie z.B. 1998 in Bad T\u00f6lz und 2000 in Aalen &#8211; Deutschlands gr\u00f6\u00dfter Caritativen Kampfsportgala zugunsten krebskranker Kinder. Diese Veranstaltungen haben in seiner Budosport-Laufbahn eine nicht unerhebliche Rolle gespielt. Als Autor von 5 Lehrvideos und 4 B\u00fcchern \u00fcber Selbstverteidigung hat er als Lehrgangsleiter im In- und Ausland bei ca. 750 SV- Lehrg\u00e4ngen referiert. In all den Jahren hat er viele Budo-Gro\u00dfmeister pers\u00f6nlich kennen gelernt. Einige der f\u00fcr ihn am wichtigsten Gro\u00dfmeister sind: Erich Rahn, Josef Ebetshuber, Franz Strau\u00df, Paul Belous, Ernst Zbinden, Alfred Hasemeier, Peter Nehls, Prof. Lucien-Victor Ott, Jakob Beck, Ferdinand Mack, und Dieter Kn\u00fcttel. 5 Mal wurde er als Ju-Jitsu-Sportler des Jahres in der Hallo of Fame in London und der Hall of Honour in M\u00fcnchen geehrt. 2002 wurde er mit dem Sport-Oscar geehrt.<\/span><\/p><p><span style=\"color: #d7d7d7;\">Alle Auszeichnungen, unter anderem:<\/span><\/p><p><span style=\"color: #d7d7d7;\">die Verleihung der Versorgungmedaille am Bande f\u00fcr K\u00f6rperert\u00fcchtigung durch den Verteidigungsminister<\/span><\/p><ul><li style=\"list-style-type: none;\"><ul><li><span style=\"color: #d7d7d7;\">die goldene Ehrennadel und goldene Plakette von Erich Rahn aus Berlin<\/span><\/li><li><span style=\"color: #d7d7d7;\">die silberne Ehrennadel des Welt-Ju Jitsu-Center (WJJC) durch Josef Ebertshuber in \u00d6sterreich<\/span><\/li><li><span style=\"color: #d7d7d7;\">die goldene Ehrennadel des SEZ-Jitsu (Behindertensport) durch Ernst Zbinden in der Schweiz<\/span><\/li><\/ul><\/li><\/ul><p><span style=\"color: #d7d7d7;\">wurden ihm f\u00fcr seine besonderen Verdienste in seiner sportlichen Laufbahn verliehen.<\/span><\/p><p><span style=\"color: #d7d7d7;\">2012 wurde er zum Soke f\u00fcr RSP Realistische Selbstverteidigung f\u00fcr die Praxis ernannt. Der Titel Soke wurde auch international beurkundet. 2018 ernannte ihn Lothar Nest zum Ehrenmitglied im Judo Weltmuseum in Berlin. Wenn es seine Gesundheit zul\u00e4sst, m\u00f6chte Soke Siegfried Lory 2022 noch sein 60- j\u00e4hriges Budosport-Jubil\u00e4um feiern.<\/span><\/p>\t\t\t\t\t\t\t\t<\/div>\n\t\t\t\t<\/div>\n\t\t\t\t\t<\/div>\n\t\t<\/div>\n\t\t\t\t\t<\/div>\n\t\t<\/section>\n\t\t\t\t<\/div>\n\t\t","protected":false},"excerpt":{"rendered":"<p>Siegfried Lory,geb. 09. September 194310. DAN Ju-Jitsu \/ Jiu Jitsu \/ Goshin Jitsu10. DAN Hanbo-Jitsu5. Dan Kombatan5. Dan Judo4. DAN Shotokan-Karate4. DAN Aikido1. DAN Taekwondo (WTF)Meister im &#8222;Nahkampf&#8220;Fachlehrer f\u00fcr moderne SelbstverteidigungSportler des Jahres f\u00fcr Ju Jitsu2002 &#8211; 2009 &#8211; 2010 &#8211; 2012-2014in der Hall of Fame Zum BFAK\/IFAK-Gr\u00fcnder Soke Siegfried Lory, 10. Dangeb. 09.09.1943 in &hellip; <\/p>\n<p class=\"link-more\"><a href=\"https:\/\/www.siegfried-lory.de\/?page_id=114\" class=\"more-link\"><span class=\"screen-reader-text\">\u201eSoke Siegfried Lory\u201c <\/span>weiterlesen<\/a><\/p>\n","protected":false},"author":1,"featured_media":0,"parent":0,"menu_order":0,"comment_status":"closed","ping_status":"closed","template":"","meta":{"footnotes":""},"class_list":["post-114","page","type-page","status-publish","hentry"],"_links":{"self":[{"href":"https:\/\/www.siegfried-lory.de\/index.php?rest_route=\/wp\/v2\/pages\/114","targetHints":{"allow":["GET"]}}],"collection":[{"href":"https:\/\/www.siegfried-lory.de\/index.php?rest_route=\/wp\/v2\/pages"}],"about":[{"href":"https:\/\/www.siegfried-lory.de\/index.php?rest_route=\/wp\/v2\/types\/page"}],"author":[{"embeddable":true,"href":"https:\/\/www.siegfried-lory.de\/index.php?rest_route=\/wp\/v2\/users\/1"}],"replies":[{"embeddable":true,"href":"https:\/\/www.siegfried-lory.de\/index.php?rest_route=%2Fwp%2Fv2%2Fcomments&post=114"}],"version-history":[{"count":13,"href":"https:\/\/www.siegfried-lory.de\/index.php?rest_route=\/wp\/v2\/pages\/114\/revisions"}],"predecessor-version":[{"id":2144,"href":"https:\/\/www.siegfried-lory.de\/index.php?rest_route=\/wp\/v2\/pages\/114\/revisions\/2144"}],"wp:attachment":[{"href":"https:\/\/www.siegfried-lory.de\/index.php?rest_route=%2Fwp%2Fv2%2Fmedia&parent=114"}],"curies":[{"name":"wp","href":"https:\/\/api.w.org\/{rel}","templated":true}]}}